{"id":11311,"date":"2025-01-11T13:54:39","date_gmt":"2025-01-11T12:54:39","guid":{"rendered":"https:\/\/terredeccezione.com\/?post_type=product&#038;p=11311"},"modified":"2025-01-16T11:36:40","modified_gmt":"2025-01-16T10:36:40","slug":"confiture-orange-vanille","status":"publish","type":"product","link":"https:\/\/terredeccezione.com\/fr\/produit\/confiture-orange-vanille\/","title":{"rendered":"&#8220;CONFITURE&#8221; ORANGE &#038; VANILLE"},"content":{"rendered":"<p>FRUIT &amp; MIEL BIO<\/p>\n<p><strong>0%<\/strong> CONSERVANT, <strong>0%<\/strong> PECTINE, <strong>0%<\/strong> G\u00c9LIFIANT, <strong>0%<\/strong> COLORANT!<\/p>\n<p>NOS \u201cCONFITURES\u201c SANS SUCRE RAFFIN\u00c9<\/p>\n<p dir=\"ltr\"><strong>Saveur<\/strong><\/p>\n<p dir=\"ltr\">Un \u00e9quilibre parfait entre l\u2019intensit\u00e9 acidul\u00e9e de l\u2019orange et la rondeur douce et enveloppante de la vanille. Une texture fondante qui lib\u00e8re des ar\u00f4mes ensoleill\u00e9s, rappelant les desserts d\u2019hiver aux agrumes. Id\u00e9ale pour accompagner des cr\u00eapes ou un yaourt nature.<\/p>\n<p dir=\"ltr\"><strong>Ingr\u00e9dients<\/strong>: oranges* 71.4%, miel* 28,5%, vanille* 0.1% (*agriculture biologique)<\/p>\n<p>&nbsp;<\/p>\n","protected":false},"excerpt":{"rendered":"<div class=\"wpb_text_column wpb_content_element \">\n<div class=\"wpb_wrapper\">\n<h3>D\u00e9lice de fruit<\/h3>\n<\/div>\n<\/div>\n<div class=\"wpb_text_column wpb_content_element \">\n<div class=\"wpb_wrapper\">\n<p>100% bio, 100% artisanal<\/p>\n<\/div>\n<\/div>\n","protected":false},"featured_media":11908,"comment_status":"closed","ping_status":"closed","template":"","meta":{"spay_email":""},"product_cat":[99],"product_tag":[],"_links":{"self":[{"href":"https:\/\/terredeccezione.com\/fr\/wp-json\/wp\/v2\/product\/11311"}],"collection":[{"href":"https:\/\/terredeccezione.com\/fr\/wp-json\/wp\/v2\/product"}],"about":[{"href":"https:\/\/terredeccezione.com\/fr\/wp-json\/wp\/v2\/types\/product"}],"replies":[{"embeddable":true,"href":"https:\/\/terredeccezione.com\/fr\/wp-json\/wp\/v2\/comments?post=11311"}],"wp:featuredmedia":[{"embeddable":true,"href":"https:\/\/terredeccezione.com\/fr\/wp-json\/wp\/v2\/media\/11908"}],"wp:attachment":[{"href":"https:\/\/terredeccezione.com\/fr\/wp-json\/wp\/v2\/media?parent=11311"}],"wp:term":[{"taxonomy":"product_cat","embeddable":true,"href":"https:\/\/terredeccezione.com\/fr\/wp-json\/wp\/v2\/product_cat?post=11311"},{"taxonomy":"product_tag","embeddable":true,"href":"https:\/\/terredeccezione.com\/fr\/wp-json\/wp\/v2\/product_tag?post=11311"}],"curies":[{"name":"wp","href":"https:\/\/api.w.org\/{rel}","templated":true}]}}