{"id":11327,"date":"2025-01-11T16:21:38","date_gmt":"2025-01-11T15:21:39","guid":{"rendered":"https:\/\/terredeccezione.com\/?post_type=product&#038;p=11327"},"modified":"2025-01-16T11:36:10","modified_gmt":"2025-01-16T10:36:10","slug":"confiture-figue-cardamome","status":"publish","type":"product","link":"https:\/\/terredeccezione.com\/fr\/produit\/confiture-figue-cardamome\/","title":{"rendered":"&#8220;CONFITURE&#8221; FIGUE &#038; CARDAMOME"},"content":{"rendered":"<p>FRUIT &amp; MIEL BIO<\/p>\n<p><strong>0%<\/strong> CONSERVANT, <strong>0%<\/strong> PECTINE, <strong>0%<\/strong> G\u00c9LIFIANT, <strong>0%<\/strong> COLORANT!<\/p>\n<p>NOS \u201cCONFITURES\u201c SANS SUCRE RAFFIN\u00c9<\/p>\n<p dir=\"ltr\"><strong>Saveur<\/strong><\/p>\n<p dir=\"ltr\">Une confiture riche et velout\u00e9e o\u00f9 la douceur naturellement sucr\u00e9e de la figue rencontre les notes chaudes et l\u00e9g\u00e8rement citronn\u00e9es de la cardamome. Une alliance subtile qui \u00e9voque les march\u00e9s d\u2019Orient et apporte une profondeur aromatique inattendue. Parfaite pour sublimer un fromage affin\u00e9 ou une tranche de pain grill\u00e9.<\/p>\n<p dir=\"ltr\"><strong>Ingr\u00e9dients<\/strong>: figues* 89%, miel* 10%, jus de citron, cardamome* 0.06%<\/p>\n<p dir=\"ltr\">(*agriculture biologique)<\/p>\n<p>&nbsp;<\/p>\n","protected":false},"excerpt":{"rendered":"<div class=\"wpb_text_column wpb_content_element \">\n<div class=\"wpb_wrapper\">\n<h3>D\u00e9lice de fruit<\/h3>\n<\/div>\n<\/div>\n<div class=\"wpb_text_column wpb_content_element \">\n<div class=\"wpb_wrapper\">\n<p>100% bio, 100% artisanal<\/p>\n<\/div>\n<\/div>\n","protected":false},"featured_media":11902,"comment_status":"closed","ping_status":"closed","template":"","meta":{"spay_email":""},"product_cat":[99],"product_tag":[],"_links":{"self":[{"href":"https:\/\/terredeccezione.com\/fr\/wp-json\/wp\/v2\/product\/11327"}],"collection":[{"href":"https:\/\/terredeccezione.com\/fr\/wp-json\/wp\/v2\/product"}],"about":[{"href":"https:\/\/terredeccezione.com\/fr\/wp-json\/wp\/v2\/types\/product"}],"replies":[{"embeddable":true,"href":"https:\/\/terredeccezione.com\/fr\/wp-json\/wp\/v2\/comments?post=11327"}],"wp:featuredmedia":[{"embeddable":true,"href":"https:\/\/terredeccezione.com\/fr\/wp-json\/wp\/v2\/media\/11902"}],"wp:attachment":[{"href":"https:\/\/terredeccezione.com\/fr\/wp-json\/wp\/v2\/media?parent=11327"}],"wp:term":[{"taxonomy":"product_cat","embeddable":true,"href":"https:\/\/terredeccezione.com\/fr\/wp-json\/wp\/v2\/product_cat?post=11327"},{"taxonomy":"product_tag","embeddable":true,"href":"https:\/\/terredeccezione.com\/fr\/wp-json\/wp\/v2\/product_tag?post=11327"}],"curies":[{"name":"wp","href":"https:\/\/api.w.org\/{rel}","templated":true}]}}