{"id":11349,"date":"2025-01-11T17:38:46","date_gmt":"2025-01-11T16:38:46","guid":{"rendered":"https:\/\/terredeccezione.com\/?post_type=product&#038;p=11349"},"modified":"2025-01-16T11:35:04","modified_gmt":"2025-01-16T10:35:04","slug":"confiture-fraise-menthe","status":"publish","type":"product","link":"https:\/\/terredeccezione.com\/fr\/produit\/confiture-fraise-menthe\/","title":{"rendered":"&#8220;CONFITURE&#8221; FRAISE &#038; MENTHE"},"content":{"rendered":"<p>FRUIT &amp; MIEL BIO<\/p>\n<p><strong>0%<\/strong> CONSERVANT, <strong>0%<\/strong> PECTINE, <strong>0%<\/strong> G\u00c9LIFIANT, <strong>0%<\/strong> COLORANT!<\/p>\n<p>NOS \u201cCONFITURES\u201c SANS SUCRE RAFFIN\u00c9<\/p>\n<p dir=\"ltr\"><strong>Saveur<\/strong><\/p>\n<p dir=\"ltr\">La douceur sucr\u00e9e et juteuse des fraises fra\u00eeches est relev\u00e9e par une touche de menthe fra\u00eeche, pour une sensation de l\u00e9g\u00e8ret\u00e9 et de fra\u00eecheur. Une confiture d\u00e9licate et rafra\u00eechissante qui \u00e9voque les balades estivales. D\u00e9licieuse sur du pain brioch\u00e9 ou pour twister un dessert.<\/p>\n<p dir=\"ltr\"><strong>Ingr\u00e9dients<\/strong>: Fraises* 77%, miel* 19%, jus de citron, menthe* 0.3%<\/p>\n<p dir=\"ltr\">(*agriculture biologique)<\/p>\n<p>&nbsp;<\/p>\n","protected":false},"excerpt":{"rendered":"<div class=\"wpb_text_column wpb_content_element \">\n<div class=\"wpb_wrapper\">\n<h3>D\u00e9lice de fruit<\/h3>\n<\/div>\n<\/div>\n<div class=\"wpb_text_column wpb_content_element \">\n<div class=\"wpb_wrapper\">\n<p>100%\u00a0 bio, 100% artisanal<\/p>\n<\/div>\n<\/div>\n","protected":false},"featured_media":11905,"comment_status":"closed","ping_status":"closed","template":"","meta":{"spay_email":""},"product_cat":[99],"product_tag":[],"_links":{"self":[{"href":"https:\/\/terredeccezione.com\/fr\/wp-json\/wp\/v2\/product\/11349"}],"collection":[{"href":"https:\/\/terredeccezione.com\/fr\/wp-json\/wp\/v2\/product"}],"about":[{"href":"https:\/\/terredeccezione.com\/fr\/wp-json\/wp\/v2\/types\/product"}],"replies":[{"embeddable":true,"href":"https:\/\/terredeccezione.com\/fr\/wp-json\/wp\/v2\/comments?post=11349"}],"wp:featuredmedia":[{"embeddable":true,"href":"https:\/\/terredeccezione.com\/fr\/wp-json\/wp\/v2\/media\/11905"}],"wp:attachment":[{"href":"https:\/\/terredeccezione.com\/fr\/wp-json\/wp\/v2\/media?parent=11349"}],"wp:term":[{"taxonomy":"product_cat","embeddable":true,"href":"https:\/\/terredeccezione.com\/fr\/wp-json\/wp\/v2\/product_cat?post=11349"},{"taxonomy":"product_tag","embeddable":true,"href":"https:\/\/terredeccezione.com\/fr\/wp-json\/wp\/v2\/product_tag?post=11349"}],"curies":[{"name":"wp","href":"https:\/\/api.w.org\/{rel}","templated":true}]}}