{"id":11472,"date":"2025-01-12T13:43:11","date_gmt":"2025-01-12T12:43:12","guid":{"rendered":"https:\/\/terredeccezione.com\/?post_type=product&#038;p=11472"},"modified":"2025-01-16T11:38:16","modified_gmt":"2025-01-16T10:38:16","slug":"confiture-peche-anis","status":"publish","type":"product","link":"https:\/\/terredeccezione.com\/fr\/produit\/confiture-peche-anis\/","title":{"rendered":"&#8220;CONFITURE&#8221; P\u00caCHE &#038; ANIS"},"content":{"rendered":"<p>FRUIT &amp; MIEL BIO<\/p>\n<p><strong>0%<\/strong> CONSERVANT, <strong>0%<\/strong> PECTINE, <strong>0%<\/strong> G\u00c9LIFIANT, <strong>0%<\/strong> COLORANT!<\/p>\n<p>NOS \u201cCONFITURES\u201c SANS SUCRE RAFFIN\u00c9<\/p>\n<p dir=\"ltr\"><strong>Saveur<\/strong><\/p>\n<p dir=\"ltr\">Laissez-vous s\u00e9duire par la douceur juteuse de la p\u00eache gorg\u00e9e de soleil, r\u00e9veill\u00e9e par la fra\u00eecheur d\u00e9licate de l\u2019anis. Une association audacieuse et l\u00e9g\u00e8re, parfaite pour accompagner un yaourt nature ou des p\u00e2tisseries estivales.<\/p>\n<p dir=\"ltr\"><strong>Ingr\u00e9dients<\/strong> : P\u00eaches* 84%, miel* 15%, jus de citron*, anis* 0.05%<\/p>\n<p dir=\"ltr\">(*agriculture biologique)<\/p>\n","protected":false},"excerpt":{"rendered":"<div class=\"wpb_text_column wpb_content_element \">\n<div class=\"wpb_wrapper\">\n<h3>D\u00e9lice de fruit<\/h3>\n<\/div>\n<\/div>\n<div class=\"wpb_text_column wpb_content_element \">\n<div class=\"wpb_wrapper\">\n<p>100% bio, 100% artisanal<\/p>\n<\/div>\n<\/div>\n","protected":false},"featured_media":11911,"comment_status":"closed","ping_status":"closed","template":"","meta":{"spay_email":""},"product_cat":[99],"product_tag":[],"_links":{"self":[{"href":"https:\/\/terredeccezione.com\/fr\/wp-json\/wp\/v2\/product\/11472"}],"collection":[{"href":"https:\/\/terredeccezione.com\/fr\/wp-json\/wp\/v2\/product"}],"about":[{"href":"https:\/\/terredeccezione.com\/fr\/wp-json\/wp\/v2\/types\/product"}],"replies":[{"embeddable":true,"href":"https:\/\/terredeccezione.com\/fr\/wp-json\/wp\/v2\/comments?post=11472"}],"wp:featuredmedia":[{"embeddable":true,"href":"https:\/\/terredeccezione.com\/fr\/wp-json\/wp\/v2\/media\/11911"}],"wp:attachment":[{"href":"https:\/\/terredeccezione.com\/fr\/wp-json\/wp\/v2\/media?parent=11472"}],"wp:term":[{"taxonomy":"product_cat","embeddable":true,"href":"https:\/\/terredeccezione.com\/fr\/wp-json\/wp\/v2\/product_cat?post=11472"},{"taxonomy":"product_tag","embeddable":true,"href":"https:\/\/terredeccezione.com\/fr\/wp-json\/wp\/v2\/product_tag?post=11472"}],"curies":[{"name":"wp","href":"https:\/\/api.w.org\/{rel}","templated":true}]}}