{"id":11491,"date":"2025-01-12T13:52:10","date_gmt":"2025-01-12T12:52:11","guid":{"rendered":"https:\/\/terredeccezione.com\/?post_type=product&#038;p=11491"},"modified":"2025-01-16T11:37:50","modified_gmt":"2025-01-16T10:37:50","slug":"confiture-prune-fleurs-de-mauve-2","status":"publish","type":"product","link":"https:\/\/terredeccezione.com\/fr\/produit\/confiture-prune-fleurs-de-mauve-2\/","title":{"rendered":"&#8220;CONFITURE&#8221; PRUNE &#038; FLEURS DE MAUVE"},"content":{"rendered":"<p>FRUIT &amp; MIEL BIO<\/p>\n<p><strong>0%<\/strong> CONSERVANT, <strong>0%<\/strong> PECTINE, <strong>0%<\/strong> G\u00c9LIFIANT, <strong>0%<\/strong> COLORANT!<\/p>\n<p>NOS \u201cCONFITURES\u201c SANS SUCRE RAFFIN\u00c9<\/p>\n<p dir=\"ltr\"><strong>Saveur<\/strong><\/p>\n<p dir=\"ltr\">La richesse charnue de la prune se m\u00eale \u00e0 la d\u00e9licatesse des fleurs de mauve, cr\u00e9ant une confiture \u00e9l\u00e9gante et parfum\u00e9e. Une exp\u00e9rience gustative douce et florale, parfaite pour accompagner des fromages affin\u00e9s ou des tartines croustillantes.<\/p>\n<p dir=\"ltr\"><strong>Ingr\u00e9dients<\/strong> : Prunes* 86%, miel* 13%, jus de citron*, fleurs de mauve* 0.03%<\/p>\n<p dir=\"ltr\">(*agriculture biologique)<\/p>\n","protected":false},"excerpt":{"rendered":"<div class=\"wpb_text_column wpb_content_element \">\n<div class=\"wpb_wrapper\">\n<h3>D\u00e9lice de fruit<\/h3>\n<\/div>\n<\/div>\n<div class=\"wpb_text_column wpb_content_element \">\n<div class=\"wpb_wrapper\">\n<p>100% bio, 100% artisanal<\/p>\n<\/div>\n<\/div>\n","protected":false},"featured_media":11917,"comment_status":"closed","ping_status":"closed","template":"","meta":{"spay_email":""},"product_cat":[99],"product_tag":[],"_links":{"self":[{"href":"https:\/\/terredeccezione.com\/fr\/wp-json\/wp\/v2\/product\/11491"}],"collection":[{"href":"https:\/\/terredeccezione.com\/fr\/wp-json\/wp\/v2\/product"}],"about":[{"href":"https:\/\/terredeccezione.com\/fr\/wp-json\/wp\/v2\/types\/product"}],"replies":[{"embeddable":true,"href":"https:\/\/terredeccezione.com\/fr\/wp-json\/wp\/v2\/comments?post=11491"}],"wp:featuredmedia":[{"embeddable":true,"href":"https:\/\/terredeccezione.com\/fr\/wp-json\/wp\/v2\/media\/11917"}],"wp:attachment":[{"href":"https:\/\/terredeccezione.com\/fr\/wp-json\/wp\/v2\/media?parent=11491"}],"wp:term":[{"taxonomy":"product_cat","embeddable":true,"href":"https:\/\/terredeccezione.com\/fr\/wp-json\/wp\/v2\/product_cat?post=11491"},{"taxonomy":"product_tag","embeddable":true,"href":"https:\/\/terredeccezione.com\/fr\/wp-json\/wp\/v2\/product_tag?post=11491"}],"curies":[{"name":"wp","href":"https:\/\/api.w.org\/{rel}","templated":true}]}}