{"id":11504,"date":"2025-01-12T14:22:04","date_gmt":"2025-01-12T13:22:06","guid":{"rendered":"https:\/\/terredeccezione.com\/?post_type=product&#038;p=11504"},"modified":"2025-01-16T11:37:28","modified_gmt":"2025-01-16T10:37:28","slug":"confiture-abricot-gingembre","status":"publish","type":"product","link":"https:\/\/terredeccezione.com\/fr\/produit\/confiture-abricot-gingembre\/","title":{"rendered":"&#8220;CONFITURE&#8221; ABRICOT &#038; GINGEMBRE"},"content":{"rendered":"<p>FRUIT &amp; MIEL BIO<\/p>\n<p><strong>0%<\/strong> CONSERVANT, <strong>0%<\/strong> PECTINE, <strong>0%<\/strong> G\u00c9LIFIANT, <strong>0%<\/strong> COLORANT!<\/p>\n<p>NOS \u201cCONFITURES\u201c SANS SUCRE RAFFIN\u00c9<\/p>\n<p dir=\"ltr\"><strong>Saveur<\/strong><\/p>\n<p dir=\"ltr\">L\u2019abricot sucr\u00e9 et acidul\u00e9 rencontre le piquant subtil du gingembre frais. Une explosion de saveurs \u00e9quilibr\u00e9e entre douceur fruit\u00e9e et chaleur \u00e9pic\u00e9e, id\u00e9ale pour dynamiser un petit-d\u00e9jeuner ou napper des cr\u00eapes encore ti\u00e8des.<\/p>\n<p dir=\"ltr\"><strong>Ingredienti<\/strong> : Abricots* 89%, miel* 20%, gingembre* 0.6%, jus de citron*<\/p>\n<p dir=\"ltr\">(*agriculture biologique)<\/p>\n","protected":false},"excerpt":{"rendered":"<div class=\"wpb_text_column wpb_content_element \">\n<div class=\"wpb_wrapper\">\n<h3>D\u00e9lice de fruit<\/h3>\n<\/div>\n<\/div>\n<div class=\"wpb_text_column wpb_content_element \">\n<div class=\"wpb_wrapper\">\n<p>100% bio, 100% artisanal<\/p>\n<\/div>\n<\/div>\n","protected":false},"featured_media":11896,"comment_status":"closed","ping_status":"closed","template":"","meta":{"spay_email":""},"product_cat":[99],"product_tag":[],"_links":{"self":[{"href":"https:\/\/terredeccezione.com\/fr\/wp-json\/wp\/v2\/product\/11504"}],"collection":[{"href":"https:\/\/terredeccezione.com\/fr\/wp-json\/wp\/v2\/product"}],"about":[{"href":"https:\/\/terredeccezione.com\/fr\/wp-json\/wp\/v2\/types\/product"}],"replies":[{"embeddable":true,"href":"https:\/\/terredeccezione.com\/fr\/wp-json\/wp\/v2\/comments?post=11504"}],"wp:featuredmedia":[{"embeddable":true,"href":"https:\/\/terredeccezione.com\/fr\/wp-json\/wp\/v2\/media\/11896"}],"wp:attachment":[{"href":"https:\/\/terredeccezione.com\/fr\/wp-json\/wp\/v2\/media?parent=11504"}],"wp:term":[{"taxonomy":"product_cat","embeddable":true,"href":"https:\/\/terredeccezione.com\/fr\/wp-json\/wp\/v2\/product_cat?post=11504"},{"taxonomy":"product_tag","embeddable":true,"href":"https:\/\/terredeccezione.com\/fr\/wp-json\/wp\/v2\/product_tag?post=11504"}],"curies":[{"name":"wp","href":"https:\/\/api.w.org\/{rel}","templated":true}]}}