{"id":11541,"date":"2025-01-12T14:44:39","date_gmt":"2025-01-12T13:44:40","guid":{"rendered":"https:\/\/terredeccezione.com\/?post_type=product&#038;p=11541"},"modified":"2025-01-16T11:37:09","modified_gmt":"2025-01-16T10:37:09","slug":"confiture-poire-cannelle","status":"publish","type":"product","link":"https:\/\/terredeccezione.com\/fr\/produit\/confiture-poire-cannelle\/","title":{"rendered":"&#8220;CONFITURE&#8221; POIRE &#038; CANNELLE"},"content":{"rendered":"<p>FRUIT &amp; MIEL BIO<\/p>\n<p><strong>0%<\/strong> CONSERVANT, <strong>0%<\/strong> PECTINE, <strong>0%<\/strong> G\u00c9LIFIANT, <strong>0%<\/strong> COLORANT!<\/p>\n<p>NOS \u201cCONFITURES\u201c SANS SUCRE RAFFIN\u00c9<\/p>\n<p dir=\"ltr\"><strong>Saveur<\/strong><\/p>\n<p dir=\"ltr\">Savourez l\u2019\u00e9quilibre parfait entre la tendresse fondante de la poire et la chaleur envo\u00fbtante de la cannelle. Une confiture subtilement \u00e9pic\u00e9e qui \u00e9voque les soir\u00e9es d\u2019automne, r\u00e9confortante et raffin\u00e9e. Id\u00e9ale sur une tranche de pain beurr\u00e9 ou pour sublimer un dessert.<\/p>\n<p dir=\"ltr\"><strong>Ingr\u00e9dients<\/strong>: Poires* 88%, miel* 11%, jus de citron*, cannelle* 0.4%<\/p>\n<p dir=\"ltr\">(*agriculture biologique)<\/p>\n","protected":false},"excerpt":{"rendered":"<div class=\"wpb_text_column wpb_content_element \">\n<div class=\"wpb_wrapper\">\n<h3>D\u00e9lice de fruit<\/h3>\n<\/div>\n<\/div>\n<div class=\"wpb_text_column wpb_content_element \">\n<div class=\"wpb_wrapper\">\n<p>100% bio, 100% artisanal<\/p>\n<\/div>\n<\/div>\n","protected":false},"featured_media":11914,"comment_status":"closed","ping_status":"closed","template":"","meta":{"spay_email":""},"product_cat":[99],"product_tag":[],"_links":{"self":[{"href":"https:\/\/terredeccezione.com\/fr\/wp-json\/wp\/v2\/product\/11541"}],"collection":[{"href":"https:\/\/terredeccezione.com\/fr\/wp-json\/wp\/v2\/product"}],"about":[{"href":"https:\/\/terredeccezione.com\/fr\/wp-json\/wp\/v2\/types\/product"}],"replies":[{"embeddable":true,"href":"https:\/\/terredeccezione.com\/fr\/wp-json\/wp\/v2\/comments?post=11541"}],"wp:featuredmedia":[{"embeddable":true,"href":"https:\/\/terredeccezione.com\/fr\/wp-json\/wp\/v2\/media\/11914"}],"wp:attachment":[{"href":"https:\/\/terredeccezione.com\/fr\/wp-json\/wp\/v2\/media?parent=11541"}],"wp:term":[{"taxonomy":"product_cat","embeddable":true,"href":"https:\/\/terredeccezione.com\/fr\/wp-json\/wp\/v2\/product_cat?post=11541"},{"taxonomy":"product_tag","embeddable":true,"href":"https:\/\/terredeccezione.com\/fr\/wp-json\/wp\/v2\/product_tag?post=11541"}],"curies":[{"name":"wp","href":"https:\/\/api.w.org\/{rel}","templated":true}]}}