{"id":11566,"date":"2025-01-12T20:15:20","date_gmt":"2025-01-12T19:15:21","guid":{"rendered":"https:\/\/terredeccezione.com\/?post_type=product&#038;p=11566"},"modified":"2025-01-16T11:28:19","modified_gmt":"2025-01-16T10:28:19","slug":"pate-a-tartiner-pistache-cacao","status":"publish","type":"product","link":"https:\/\/terredeccezione.com\/fr\/produit\/pate-a-tartiner-pistache-cacao\/","title":{"rendered":"P\u00c2TE \u00c0 TARTINER PISTACHE | CACAO &#038; EVO"},"content":{"rendered":"<p dir=\"ltr\">LA PISTACHE NOBLE SUBLIM\u00c9E PAR UN CACAO INTENSE<\/p>\n<p dir=\"ltr\"><span style=\"font-weight: 400;\"><strong>0%<\/strong>\u00a0HUILE DE PALME &amp; AVEC NOTRE HUILE EXTRA VIERGE D&#8217;OLIVE<\/span><\/p>\n<p dir=\"ltr\"><strong>Saveur<\/strong><\/p>\n<p dir=\"ltr\">Oubliez tout ce que vous savez sur les p\u00e2tes \u00e0 tartiner. Ici, pas d\u2019huile de palme, mais une alliance audacieuse entre la pistache l\u00e9g\u00e8rement sal\u00e9e et un cacao profond. Une texture fondante qui \u00e9voque les douceurs siciliennes, relev\u00e9e par la puissance chocolat\u00e9e. Sur une brioche ti\u00e8de ou \u00e0 la cuill\u00e8re, chaque bouch\u00e9e vous transporte. Un plaisir sans compromis.<\/p>\n<p dir=\"ltr\"><strong>Ingr\u00e9dients<\/strong>\u00a0: Pistaches (40%), sucre, p\u00e2te de cacao, huile extra vierge d&#8217;olive (5%), cacao maigre en poudre, emulsifiant: lecithine de soja, ar\u00f4me naturel de vanille. Produit dans un laboratoire qui utilise: fruits secs \u00e0 coq, soja et d\u00e9riv\u00e9s, lait et d\u00e9riv\u00e9s, cacahu\u00e8te et s\u00e9same.<\/p>\n","protected":false},"excerpt":{"rendered":"<div class=\"wpb_text_column wpb_content_element \">\n<div class=\"wpb_wrapper\">\n<h3>Pistache, Cacao &amp; Evo<\/h3>\n<\/div>\n<\/div>\n<div class=\"wpb_text_column wpb_content_element \">\n<div class=\"wpb_wrapper\">\n<p>SANS huile de palme, p\u00e2te \u00e0 tartiner \u00e0 d\u00e9vorer<\/p>\n<\/div>\n<\/div>\n","protected":false},"featured_media":11893,"comment_status":"closed","ping_status":"closed","template":"","meta":{"spay_email":""},"product_cat":[150],"product_tag":[],"_links":{"self":[{"href":"https:\/\/terredeccezione.com\/fr\/wp-json\/wp\/v2\/product\/11566"}],"collection":[{"href":"https:\/\/terredeccezione.com\/fr\/wp-json\/wp\/v2\/product"}],"about":[{"href":"https:\/\/terredeccezione.com\/fr\/wp-json\/wp\/v2\/types\/product"}],"replies":[{"embeddable":true,"href":"https:\/\/terredeccezione.com\/fr\/wp-json\/wp\/v2\/comments?post=11566"}],"wp:featuredmedia":[{"embeddable":true,"href":"https:\/\/terredeccezione.com\/fr\/wp-json\/wp\/v2\/media\/11893"}],"wp:attachment":[{"href":"https:\/\/terredeccezione.com\/fr\/wp-json\/wp\/v2\/media?parent=11566"}],"wp:term":[{"taxonomy":"product_cat","embeddable":true,"href":"https:\/\/terredeccezione.com\/fr\/wp-json\/wp\/v2\/product_cat?post=11566"},{"taxonomy":"product_tag","embeddable":true,"href":"https:\/\/terredeccezione.com\/fr\/wp-json\/wp\/v2\/product_tag?post=11566"}],"curies":[{"name":"wp","href":"https:\/\/api.w.org\/{rel}","templated":true}]}}