{"id":11598,"date":"2025-01-12T22:23:29","date_gmt":"2025-01-12T21:23:31","guid":{"rendered":"https:\/\/terredeccezione.com\/?post_type=product&#038;p=11598"},"modified":"2025-01-16T11:28:01","modified_gmt":"2025-01-16T10:28:01","slug":"pate-a-tartiner-cacahuete-cacao","status":"publish","type":"product","link":"https:\/\/terredeccezione.com\/fr\/produit\/pate-a-tartiner-cacahuete-cacao\/","title":{"rendered":"P\u00c2TE \u00c0 TARTINER CACAHU\u00c8TE | CACAO &#038; EVO"},"content":{"rendered":"<p dir=\"ltr\">L&#8217;AUDACE DE LA CACAHU\u00c8TE, L&#8217;\u00c9L\u00c9GANCE DU CACAO<\/p>\n<p dir=\"ltr\"><span style=\"font-weight: 400;\"><strong>0%<\/strong>\u00a0HUILE DE PALME &amp; AVEC NOTRE HUILE EXTRA VIERGE D&#8217;OLIVE<\/span><\/p>\n<p dir=\"ltr\"><strong>Saveur<\/strong><\/p>\n<p dir=\"ltr\">Oubliez le simple beurre de cacahu\u00e8te. Ici, la cacahu\u00e8te grill\u00e9e d\u00e9voile toute sa g\u00e9n\u00e9rosit\u00e9, dynamis\u00e9e par la puissance d\u2019un cacao riche. Un go\u00fbt brut, authentique, qui surprend et s\u00e9duit. Parfaite pour twister vos tartines ou ajouter du caract\u00e8re \u00e0 vos desserts. Une p\u00e2te \u00e0 tartiner qui ne fait pas dans la demi-mesure.<\/p>\n<p dir=\"ltr\"><strong>Ingr\u00e9dients<\/strong>\u00a0: Cacahu\u00e8te (48%), sucre, p\u00e2te de cacao, huile extra vierge d&#8217;olive (5%), cacao maigre en poudre, emulsifiant: lecithine de soja, ar\u00f4me naturel de vanille. Produit dans un laboratoire qui utilise: fruits secs \u00e0 coq, soja et d\u00e9riv\u00e9s, lait et d\u00e9riv\u00e9s, cacahu\u00e8te et s\u00e9same.<\/p>\n","protected":false},"excerpt":{"rendered":"<div class=\"wpb_text_column wpb_content_element \">\n<div class=\"wpb_wrapper\">\n<div class=\"wpb_text_column wpb_content_element \">\n<div class=\"wpb_wrapper\">\n<h3>Cacahu\u00e8te, Cacao &amp; Evo<\/h3>\n<\/div>\n<\/div>\n<div class=\"wpb_text_column wpb_content_element \">\n<div class=\"wpb_wrapper\">\n<p>SANS huile de palme, p\u00e2te \u00e0 tartiner \u00e0 d\u00e9vorer<\/p>\n<\/div>\n<\/div>\n<\/div>\n<\/div>\n","protected":false},"featured_media":11884,"comment_status":"closed","ping_status":"closed","template":"","meta":{"spay_email":""},"product_cat":[150],"product_tag":[],"_links":{"self":[{"href":"https:\/\/terredeccezione.com\/fr\/wp-json\/wp\/v2\/product\/11598"}],"collection":[{"href":"https:\/\/terredeccezione.com\/fr\/wp-json\/wp\/v2\/product"}],"about":[{"href":"https:\/\/terredeccezione.com\/fr\/wp-json\/wp\/v2\/types\/product"}],"replies":[{"embeddable":true,"href":"https:\/\/terredeccezione.com\/fr\/wp-json\/wp\/v2\/comments?post=11598"}],"wp:featuredmedia":[{"embeddable":true,"href":"https:\/\/terredeccezione.com\/fr\/wp-json\/wp\/v2\/media\/11884"}],"wp:attachment":[{"href":"https:\/\/terredeccezione.com\/fr\/wp-json\/wp\/v2\/media?parent=11598"}],"wp:term":[{"taxonomy":"product_cat","embeddable":true,"href":"https:\/\/terredeccezione.com\/fr\/wp-json\/wp\/v2\/product_cat?post=11598"},{"taxonomy":"product_tag","embeddable":true,"href":"https:\/\/terredeccezione.com\/fr\/wp-json\/wp\/v2\/product_tag?post=11598"}],"curies":[{"name":"wp","href":"https:\/\/api.w.org\/{rel}","templated":true}]}}