{"id":11611,"date":"2025-01-12T22:36:47","date_gmt":"2025-01-12T21:36:48","guid":{"rendered":"https:\/\/terredeccezione.com\/?post_type=product&#038;p=11611"},"modified":"2025-01-16T11:27:37","modified_gmt":"2025-01-16T10:27:37","slug":"pate-a-tartiner-noisette-cacao","status":"publish","type":"product","link":"https:\/\/terredeccezione.com\/fr\/produit\/pate-a-tartiner-noisette-cacao\/","title":{"rendered":"P\u00c2TE \u00c0 TARTINER NOISETTE | CACAO &#038; EVO"},"content":{"rendered":"<p dir=\"ltr\">NOISETTE &amp; CACAO, POUR SE RAPPELER NOS TARTINES D&#8217;ENFANCE<\/p>\n<p dir=\"ltr\"><span style=\"font-weight: 400;\"><strong>0%<\/strong>\u00a0HUILE DE PALME &amp; AVEC NOTRE HUILE EXTRA VIERGE D&#8217;OLIVE<\/span><\/p>\n<p dir=\"ltr\"><strong>Saveur<\/strong><\/p>\n<p dir=\"ltr\">Red\u00e9couvrez la noisette, sublim\u00e9e par un cacao noble et intense. Une p\u00e2te \u00e0 tartiner onctueuse, sans artifices, o\u00f9 chaque cuiller\u00e9e r\u00e9v\u00e8le des saveurs profondes et naturelles. Bien plus qu\u2019une simple gourmandise, c\u2019est une exp\u00e9rience sensorielle. Un incontournable pour les amateurs de go\u00fbts sinc\u00e8res et raffin\u00e9s.<\/p>\n<p dir=\"ltr\"><strong>Ingr\u00e9dients<\/strong>\u00a0: Noisettes (48%), sucre, p\u00e2te de cacao, huile extra vierge d&#8217;olive (5%), cacao maigre en poudre, emulsifiant: lecithine de soja, ar\u00f4me naturel de vanille. Produit dans un laboratoire qui utilise: fruits secs \u00e0 coq, soja et d\u00e9riv\u00e9s, lait et d\u00e9riv\u00e9s, cacahu\u00e8te et s\u00e9same.<\/p>\n","protected":false},"excerpt":{"rendered":"<div class=\"wpb_text_column wpb_content_element \">\n<div class=\"wpb_wrapper\">\n<div class=\"wpb_text_column wpb_content_element \">\n<div class=\"wpb_wrapper\">\n<div class=\"wpb_text_column wpb_content_element \">\n<div class=\"wpb_wrapper\">\n<h3>Noisettes, Cacao &amp; Evo<\/h3>\n<\/div>\n<\/div>\n<div class=\"wpb_text_column wpb_content_element \">\n<div class=\"wpb_wrapper\">\n<p>SANS huile de palme, p\u00e2te \u00e0 tartiner \u00e0 d\u00e9vorer<\/p>\n<\/div>\n<\/div>\n<\/div>\n<\/div>\n<\/div>\n<\/div>\n","protected":false},"featured_media":11890,"comment_status":"closed","ping_status":"closed","template":"","meta":{"spay_email":""},"product_cat":[150],"product_tag":[],"_links":{"self":[{"href":"https:\/\/terredeccezione.com\/fr\/wp-json\/wp\/v2\/product\/11611"}],"collection":[{"href":"https:\/\/terredeccezione.com\/fr\/wp-json\/wp\/v2\/product"}],"about":[{"href":"https:\/\/terredeccezione.com\/fr\/wp-json\/wp\/v2\/types\/product"}],"replies":[{"embeddable":true,"href":"https:\/\/terredeccezione.com\/fr\/wp-json\/wp\/v2\/comments?post=11611"}],"wp:featuredmedia":[{"embeddable":true,"href":"https:\/\/terredeccezione.com\/fr\/wp-json\/wp\/v2\/media\/11890"}],"wp:attachment":[{"href":"https:\/\/terredeccezione.com\/fr\/wp-json\/wp\/v2\/media?parent=11611"}],"wp:term":[{"taxonomy":"product_cat","embeddable":true,"href":"https:\/\/terredeccezione.com\/fr\/wp-json\/wp\/v2\/product_cat?post=11611"},{"taxonomy":"product_tag","embeddable":true,"href":"https:\/\/terredeccezione.com\/fr\/wp-json\/wp\/v2\/product_tag?post=11611"}],"curies":[{"name":"wp","href":"https:\/\/api.w.org\/{rel}","templated":true}]}}