{"id":11624,"date":"2025-01-12T22:43:05","date_gmt":"2025-01-12T21:43:07","guid":{"rendered":"https:\/\/terredeccezione.com\/?post_type=product&#038;p=11624"},"modified":"2025-01-16T11:27:16","modified_gmt":"2025-01-16T10:27:16","slug":"pate-a-tartiner-amande-cacao","status":"publish","type":"product","link":"https:\/\/terredeccezione.com\/fr\/produit\/pate-a-tartiner-amande-cacao\/","title":{"rendered":"P\u00c2TE \u00c0 TARTINER AMANDE | CACAO &#038; EVO"},"content":{"rendered":"<p dir=\"ltr\">DOUCEUR RAFFIN\u00c9E, CARACT\u00c8RE CHOCOLAT\u00c9<\/p>\n<p dir=\"ltr\"><span style=\"font-weight: 400;\"><strong>0%<\/strong>\u00a0HUILE DE PALME &amp; AVEC NOTRE HUILE EXTRA VIERGE D&#8217;OLIVE<\/span><\/p>\n<p dir=\"ltr\"><strong>Saveur<\/strong><\/p>\n<p dir=\"ltr\">Imaginez la finesse de l\u2019amande, lentement transform\u00e9e en une cr\u00e8me soyeuse, m\u00eal\u00e9e \u00e0 un cacao intense. Pas trop sucr\u00e9e, parfaitement \u00e9quilibr\u00e9e, cette p\u00e2te \u00e0 tartiner incarne la gourmandise \u00e9l\u00e9gante. Id\u00e9ale sur des pancakes dor\u00e9s ou simplement d\u00e9gust\u00e9e \u00e0 m\u00eame le pot. Vous m\u00e9ritez cette parenth\u00e8se gourmande.<\/p>\n<p dir=\"ltr\"><strong>Ingr\u00e9dients<\/strong>\u00a0: Amandes (40%), sucre, p\u00e2te de cacao, huile extra vierge d&#8217;olive (5%), cacao maigre en poudre, emulsifiant: lecithine de soja, ar\u00f4me naturel de vanille. Produit dans un laboratoire qui utilise: fruits secs \u00e0 coq, soja et d\u00e9riv\u00e9s, lait et d\u00e9riv\u00e9s, cacahu\u00e8te et s\u00e9same.<\/p>\n","protected":false},"excerpt":{"rendered":"<div class=\"wpb_text_column wpb_content_element \">\n<div class=\"wpb_wrapper\">\n<div class=\"wpb_text_column wpb_content_element \">\n<div class=\"wpb_wrapper\">\n<h3>Amande, Cacao &amp; Evo<\/h3>\n<\/div>\n<\/div>\n<div class=\"wpb_text_column wpb_content_element \">\n<div class=\"wpb_wrapper\">\n<p>SANS huile de palme, p\u00e2te \u00e0 tartiner \u00e0 d\u00e9vorer<\/p>\n<\/div>\n<\/div>\n<\/div>\n<\/div>\n","protected":false},"featured_media":11887,"comment_status":"closed","ping_status":"closed","template":"","meta":{"spay_email":""},"product_cat":[150],"product_tag":[],"_links":{"self":[{"href":"https:\/\/terredeccezione.com\/fr\/wp-json\/wp\/v2\/product\/11624"}],"collection":[{"href":"https:\/\/terredeccezione.com\/fr\/wp-json\/wp\/v2\/product"}],"about":[{"href":"https:\/\/terredeccezione.com\/fr\/wp-json\/wp\/v2\/types\/product"}],"replies":[{"embeddable":true,"href":"https:\/\/terredeccezione.com\/fr\/wp-json\/wp\/v2\/comments?post=11624"}],"wp:featuredmedia":[{"embeddable":true,"href":"https:\/\/terredeccezione.com\/fr\/wp-json\/wp\/v2\/media\/11887"}],"wp:attachment":[{"href":"https:\/\/terredeccezione.com\/fr\/wp-json\/wp\/v2\/media?parent=11624"}],"wp:term":[{"taxonomy":"product_cat","embeddable":true,"href":"https:\/\/terredeccezione.com\/fr\/wp-json\/wp\/v2\/product_cat?post=11624"},{"taxonomy":"product_tag","embeddable":true,"href":"https:\/\/terredeccezione.com\/fr\/wp-json\/wp\/v2\/product_tag?post=11624"}],"curies":[{"name":"wp","href":"https:\/\/api.w.org\/{rel}","templated":true}]}}