{"id":11806,"date":"2025-01-14T08:57:12","date_gmt":"2025-01-14T07:57:13","guid":{"rendered":"https:\/\/terredeccezione.com\/?post_type=product&#038;p=11806"},"modified":"2025-01-16T11:20:39","modified_gmt":"2025-01-16T10:20:39","slug":"vinaigre-balsamique-modena","status":"publish","type":"product","link":"https:\/\/terredeccezione.com\/fr\/produit\/vinaigre-balsamique-modena\/","title":{"rendered":"VINAIGRE BALSAMIQUE DE MOD\u00c8NE IGP"},"content":{"rendered":"<p>\ud83c\udf1f Un V\u00e9ritable Coup de C\u0153ur<\/p>\n<p>Bien que nous ne produisions pas ce vinaigre balsamique, il nous a totalement conquis par son authenticit\u00e9 et sa finesse. Ce fut une \u00e9vidence de le partager avec vous, car il incarne tout ce que nous aimons : un produit noble, authentique et profond\u00e9ment enracin\u00e9 dans son terroir.<\/p>\n<p>Un \u00e9lixir d\u2019exception \u00e0 savourer goutte apr\u00e8s goutte. \ud83c\udf77\u2728<\/p>\n<p>Ce vinaigre balsamique d\u2019exception est issu des meilleurs raisins Trebbiano et Lambrusco, vieilli lentement en f\u00fbts de bois pr\u00e9cieux pour r\u00e9v\u00e9ler des ar\u00f4mes riches et complexes. Sa texture velout\u00e9e et son \u00e9quilibre parfait entre douceur et acidit\u00e9 en font un incontournable pour les palais raffin\u00e9s.<\/p>\n<p>\ud83e\udd69 Sublime viandes grill\u00e9es, fromages affin\u00e9s et m\u00eame desserts.<br \/>\n\ud83c\udf53 Quelques gouttes sur des fruits ou une glace vanille suffisent pour transformer un plat.<br \/>\n\ud83c\udf3f Non chauff\u00e9, il conserve toute sa profondeur aromatique.<\/p>\n","protected":false},"excerpt":{"rendered":"<div class=\"wpb_text_column wpb_content_element \">\n<div class=\"wpb_wrapper\">\n<p>\ud83c\udf47\u2728 <strong>Vinaigre Balsamique de Mod\u00e8ne IGP<\/strong> \u2728\ud83c\udf77<br \/>\nUn \u00e9lixir d\u2019excellence au c\u0153ur de la tradition italienne<\/p>\n<\/div>\n<\/div>\n","protected":false},"featured_media":11807,"comment_status":"closed","ping_status":"closed","template":"","meta":{"spay_email":""},"product_cat":[149],"product_tag":[],"_links":{"self":[{"href":"https:\/\/terredeccezione.com\/fr\/wp-json\/wp\/v2\/product\/11806"}],"collection":[{"href":"https:\/\/terredeccezione.com\/fr\/wp-json\/wp\/v2\/product"}],"about":[{"href":"https:\/\/terredeccezione.com\/fr\/wp-json\/wp\/v2\/types\/product"}],"replies":[{"embeddable":true,"href":"https:\/\/terredeccezione.com\/fr\/wp-json\/wp\/v2\/comments?post=11806"}],"wp:featuredmedia":[{"embeddable":true,"href":"https:\/\/terredeccezione.com\/fr\/wp-json\/wp\/v2\/media\/11807"}],"wp:attachment":[{"href":"https:\/\/terredeccezione.com\/fr\/wp-json\/wp\/v2\/media?parent=11806"}],"wp:term":[{"taxonomy":"product_cat","embeddable":true,"href":"https:\/\/terredeccezione.com\/fr\/wp-json\/wp\/v2\/product_cat?post=11806"},{"taxonomy":"product_tag","embeddable":true,"href":"https:\/\/terredeccezione.com\/fr\/wp-json\/wp\/v2\/product_tag?post=11806"}],"curies":[{"name":"wp","href":"https:\/\/api.w.org\/{rel}","templated":true}]}}