{"id":9283,"date":"2021-12-02T18:17:05","date_gmt":"2021-12-02T17:17:05","guid":{"rendered":"https:\/\/terredeccezione.com\/prodotto\/box-miel-gourmet\/"},"modified":"2022-01-25T17:33:21","modified_gmt":"2022-01-25T16:33:21","slug":"box-miel-gourmet","status":"publish","type":"product","link":"https:\/\/terredeccezione.com\/fr\/produit\/box-miel-gourmet\/","title":{"rendered":"BOX MIEL &#8220;GOURMET&#8221;"},"content":{"rendered":"<p><span style=\"font-weight: 400;\">Notre coffret \u201cGourmet\u201d est l\u2019id\u00e9al pour les personnes qui appr\u00e9cient le miel au quotidien et sous toutes ses formes. Confection de nos &#8220;crus&#8221; de miels biologiques, aux multiples intensit\u00e9s, qui vous emm\u00e8ne \u00e0 la d\u00e9couverte de la richesse embl\u00e9matique des floraisons de cette r\u00e9gion unique. Notre coffret grands crus Terre d\u2019Eccezione vous offre un voyage sensoriel gr\u00e2ce \u00e0 ses miels aux saveurs uniques qui permettent de sublimer diff\u00e9rents moments de d\u00e9gustation.<\/span><\/p>\n<p><strong>Coffret : 4 x 400g pots de nos miels biologiques<\/strong><\/p>\n<p><span style=\"font-weight: 400;\">Cet \u00e9crin habille vos pots de miel pour un cadeau toujours plus raffin\u00e9 et \u00e9l\u00e9gant. Gr\u00e2ce \u00e0 ces lignes pures, vos crus de miel Terre d\u2019Eccezione sont sublim\u00e9s. Partagez les sensations d\u2019un d\u00e9lice gustatif in\u00e9gal\u00e9 avec la qualit\u00e9 exceptionnelle des miels biologiques 100% Made In Italy de la Maison Terre d\u2019Eccezione qui \u00e9mane du tr\u00e9sor floral des Marches, d\u2019une apiculture biologique respectueuse de l\u2019abeille et de son environnement et d\u2019un savoir-faire artisanal.<\/span><\/p>\n<p><strong>De couleur, saveurs et textures uniques, les miels Terre d\u2019Eccezione vous font\u00a0 vivre des moments inoubliables.<\/strong><\/p>\n","protected":false},"excerpt":{"rendered":"<h3>Box d\u00e9gustation<\/h3>\n<p>100% artisanal<\/p>\n","protected":false},"featured_media":8702,"comment_status":"closed","ping_status":"closed","template":"","meta":{"spay_email":""},"product_cat":[100],"product_tag":[],"_links":{"self":[{"href":"https:\/\/terredeccezione.com\/fr\/wp-json\/wp\/v2\/product\/9283"}],"collection":[{"href":"https:\/\/terredeccezione.com\/fr\/wp-json\/wp\/v2\/product"}],"about":[{"href":"https:\/\/terredeccezione.com\/fr\/wp-json\/wp\/v2\/types\/product"}],"replies":[{"embeddable":true,"href":"https:\/\/terredeccezione.com\/fr\/wp-json\/wp\/v2\/comments?post=9283"}],"wp:featuredmedia":[{"embeddable":true,"href":"https:\/\/terredeccezione.com\/fr\/wp-json\/wp\/v2\/media\/8702"}],"wp:attachment":[{"href":"https:\/\/terredeccezione.com\/fr\/wp-json\/wp\/v2\/media?parent=9283"}],"wp:term":[{"taxonomy":"product_cat","embeddable":true,"href":"https:\/\/terredeccezione.com\/fr\/wp-json\/wp\/v2\/product_cat?post=9283"},{"taxonomy":"product_tag","embeddable":true,"href":"https:\/\/terredeccezione.com\/fr\/wp-json\/wp\/v2\/product_tag?post=9283"}],"curies":[{"name":"wp","href":"https:\/\/api.w.org\/{rel}","templated":true}]}}