{"id":9284,"date":"2021-12-02T14:31:12","date_gmt":"2021-12-02T13:31:12","guid":{"rendered":"https:\/\/terredeccezione.com\/prodotto\/box-miel-decouverte\/"},"modified":"2022-01-25T14:53:06","modified_gmt":"2022-01-25T13:53:06","slug":"box-miel-decouverte","status":"publish","type":"product","link":"https:\/\/terredeccezione.com\/fr\/produit\/box-miel-decouverte\/","title":{"rendered":"BOX MIEL &#8220;D\u00c9COUVERTE&#8221;"},"content":{"rendered":"<p><span style=\"font-weight: 400;\">Notre coffret \u201cD\u00e9couverte\u201c pour une immersion compl\u00e8te dans la biodiversit\u00e9 des fleurs des Marches. <\/span><\/p>\n<p><span style=\"font-weight: 400;\">Nos &#8220;crus&#8221; de miels biologiques, aux multiples intensit\u00e9s vous conduisent \u00e0 la d\u00e9couverte de la richesse embl\u00e9matique des floraisons de cette r\u00e9gion unique. Un voyage sensoriel gr\u00e2ce \u00e0 ces saveurs uniques qui subliment diff\u00e9rents moments de d\u00e9gustation.<\/span><\/p>\n<p><strong>Coffret: 9 x 200g pots de nos miels biologiques<\/strong><\/p>\n<p><span style=\"font-weight: 400;\">Cet \u00e9crin habille vos pots de miel pour un cadeau toujours plus raffin\u00e9 et \u00e9l\u00e9gant. Gr\u00e2ce \u00e0 cet \u00e9crin aux lignes pures, vos crus de miel Terre d\u2019Eccezione sont sublim\u00e9s. Partagez les sensations d\u2019un d\u00e9lice gustatif in\u00e9gal\u00e9 avec la qualit\u00e9 unique des miels biologiques 100% Made In Italy de la Maison Terre d\u2019Eccezione qui \u00e9mane du tr\u00e9sor floral des Marches, d\u2019une apiculture biologique respectueuse de l\u2019abeille et de son environnement.\u00a0<\/span><\/p>\n<p><strong>De couleur, saveurs et textures uniques, les miels Terre d\u2019Eccezione vous font vivre des moments inoubliables.<\/strong><\/p>\n","protected":false},"excerpt":{"rendered":"<div class=\"wpb_text_column wpb_content_element \">\n<div class=\"wpb_wrapper\">\n<h3>Box d\u00e9gustation<\/h3>\n<\/div>\n<\/div>\n<div class=\"wpb_text_column wpb_content_element \">\n<div class=\"wpb_wrapper\">\n<p>100% artisanal<\/p>\n<\/div>\n<\/div>\n","protected":false},"featured_media":8662,"comment_status":"closed","ping_status":"closed","template":"","meta":{"spay_email":""},"product_cat":[100],"product_tag":[],"_links":{"self":[{"href":"https:\/\/terredeccezione.com\/fr\/wp-json\/wp\/v2\/product\/9284"}],"collection":[{"href":"https:\/\/terredeccezione.com\/fr\/wp-json\/wp\/v2\/product"}],"about":[{"href":"https:\/\/terredeccezione.com\/fr\/wp-json\/wp\/v2\/types\/product"}],"replies":[{"embeddable":true,"href":"https:\/\/terredeccezione.com\/fr\/wp-json\/wp\/v2\/comments?post=9284"}],"wp:featuredmedia":[{"embeddable":true,"href":"https:\/\/terredeccezione.com\/fr\/wp-json\/wp\/v2\/media\/8662"}],"wp:attachment":[{"href":"https:\/\/terredeccezione.com\/fr\/wp-json\/wp\/v2\/media?parent=9284"}],"wp:term":[{"taxonomy":"product_cat","embeddable":true,"href":"https:\/\/terredeccezione.com\/fr\/wp-json\/wp\/v2\/product_cat?post=9284"},{"taxonomy":"product_tag","embeddable":true,"href":"https:\/\/terredeccezione.com\/fr\/wp-json\/wp\/v2\/product_tag?post=9284"}],"curies":[{"name":"wp","href":"https:\/\/api.w.org\/{rel}","templated":true}]}}