{"id":9367,"date":"2021-11-25T16:15:34","date_gmt":"2021-11-25T15:15:34","guid":{"rendered":"https:\/\/terredeccezione.com\/prodotto\/box-huile-deluxe\/"},"modified":"2022-01-25T14:58:32","modified_gmt":"2022-01-25T13:58:32","slug":"box-huile-deluxe","status":"publish","type":"product","link":"https:\/\/terredeccezione.com\/fr\/produit\/box-huile-deluxe\/","title":{"rendered":"BOX HUILE &#8220;DELUXE&#8221;"},"content":{"rendered":"<p><span style=\"font-weight: 400;\">Nos 4 huiles d\u2019olive extra vierge dans un coffret unique et \u00e9l\u00e9gant pour un cadeau unique! D\u00e9couvrez la beaut\u00e9 des reflets de l\u2019or liquide et faites \u00e9tinceler les yeux de qui recevra ce cadeau. La coffret Deluxe contient 4 x 250ml flacons Terre d\u2019Eccezione (Blend, Leccino, Mignola et Raggia).<\/span><\/p>\n<p><span style=\"font-weight: 400;\">Chaque huile se classe parmi les grandes huiles d\u2019olive extra vierge avec un taux d\u2019acidit\u00e9 tr\u00e8s faible, inf\u00e9rieur \u00e0 0.20%.<\/span><\/p>\n<p><strong>Id\u00e9al comme cadeau \u00e0 mettre sous le sapin et aussi \u00e0 offrir tout au long de l\u2019ann\u00e9e!<\/strong><\/p>\n<p>&nbsp;<\/p>\n","protected":false},"excerpt":{"rendered":"<div class=\"wpb_text_column wpb_content_element \">\n<div class=\"wpb_wrapper\">\n<h3>Box d\u00e9gustation<\/h3>\n<\/div>\n<\/div>\n<div class=\"wpb_text_column wpb_content_element \">\n<div class=\"wpb_wrapper\">\n<p>100% extra vierge<\/p>\n<\/div>\n<\/div>\n","protected":false},"featured_media":8431,"comment_status":"closed","ping_status":"closed","template":"","meta":{"spay_email":""},"product_cat":[101],"product_tag":[],"_links":{"self":[{"href":"https:\/\/terredeccezione.com\/fr\/wp-json\/wp\/v2\/product\/9367"}],"collection":[{"href":"https:\/\/terredeccezione.com\/fr\/wp-json\/wp\/v2\/product"}],"about":[{"href":"https:\/\/terredeccezione.com\/fr\/wp-json\/wp\/v2\/types\/product"}],"replies":[{"embeddable":true,"href":"https:\/\/terredeccezione.com\/fr\/wp-json\/wp\/v2\/comments?post=9367"}],"wp:featuredmedia":[{"embeddable":true,"href":"https:\/\/terredeccezione.com\/fr\/wp-json\/wp\/v2\/media\/8431"}],"wp:attachment":[{"href":"https:\/\/terredeccezione.com\/fr\/wp-json\/wp\/v2\/media?parent=9367"}],"wp:term":[{"taxonomy":"product_cat","embeddable":true,"href":"https:\/\/terredeccezione.com\/fr\/wp-json\/wp\/v2\/product_cat?post=9367"},{"taxonomy":"product_tag","embeddable":true,"href":"https:\/\/terredeccezione.com\/fr\/wp-json\/wp\/v2\/product_tag?post=9367"}],"curies":[{"name":"wp","href":"https:\/\/api.w.org\/{rel}","templated":true}]}}