{"id":9368,"date":"2021-11-24T18:32:29","date_gmt":"2021-11-24T17:32:29","guid":{"rendered":"https:\/\/terredeccezione.com\/prodotto\/box-huile-lounge\/"},"modified":"2022-01-25T14:59:04","modified_gmt":"2022-01-25T13:59:04","slug":"box-huile-lounge","status":"publish","type":"product","link":"https:\/\/terredeccezione.com\/fr\/produit\/box-huile-lounge\/","title":{"rendered":"BOX HUILE &#8220;LOUNGE&#8221;"},"content":{"rendered":"<p><span style=\"font-weight: 400;\">A la d\u00e9couverte de l\u2019univers &#8220;extra vierge&#8221;. C\u2019est l\u2019assortiment id\u00e9al pour d\u00e9couvrir les saveurs de nos huiles d\u2019olive extra vierge 100% Marche et sublimer vos plats avec nos diff\u00e9rentes vari\u00e9t\u00e9s : de la plus d\u00e9licate \u00e0 la plus intense!\u00a0<\/span><\/p>\n<p><span style=\"font-weight: 400;\">Chaque huile se classe parmi les grandes huiles d\u2019olive extra vierge avec un taux d\u2019acidit\u00e9 tr\u00e8s faible, inf\u00e9rieur \u00e0 0.20%.<\/span><\/p>\n<p><span style=\"font-weight: 400;\">Le coffret Lounge contient 4 x 250ml flacons Terre d\u2019Eccezione (Blend, Leccino, Mignola et Raggia).<\/span><\/p>\n<p><strong>Id\u00e9al comme cadeau \u00e0 mettre sous le sapin et aussi \u00e0 offrir tout au long de l\u2019ann\u00e9e!<\/strong><\/p>\n","protected":false},"excerpt":{"rendered":"<div class=\"wpb_text_column wpb_content_element \">\n<div class=\"wpb_wrapper\">\n<h3>Box d\u00e9gustation<\/h3>\n<\/div>\n<\/div>\n<div class=\"wpb_text_column wpb_content_element \">\n<div class=\"wpb_wrapper\">\n<p>100% extra vierge<\/p>\n<\/div>\n<\/div>\n","protected":false},"featured_media":8387,"comment_status":"closed","ping_status":"closed","template":"","meta":{"spay_email":""},"product_cat":[101],"product_tag":[],"_links":{"self":[{"href":"https:\/\/terredeccezione.com\/fr\/wp-json\/wp\/v2\/product\/9368"}],"collection":[{"href":"https:\/\/terredeccezione.com\/fr\/wp-json\/wp\/v2\/product"}],"about":[{"href":"https:\/\/terredeccezione.com\/fr\/wp-json\/wp\/v2\/types\/product"}],"replies":[{"embeddable":true,"href":"https:\/\/terredeccezione.com\/fr\/wp-json\/wp\/v2\/comments?post=9368"}],"wp:featuredmedia":[{"embeddable":true,"href":"https:\/\/terredeccezione.com\/fr\/wp-json\/wp\/v2\/media\/8387"}],"wp:attachment":[{"href":"https:\/\/terredeccezione.com\/fr\/wp-json\/wp\/v2\/media?parent=9368"}],"wp:term":[{"taxonomy":"product_cat","embeddable":true,"href":"https:\/\/terredeccezione.com\/fr\/wp-json\/wp\/v2\/product_cat?post=9368"},{"taxonomy":"product_tag","embeddable":true,"href":"https:\/\/terredeccezione.com\/fr\/wp-json\/wp\/v2\/product_tag?post=9368"}],"curies":[{"name":"wp","href":"https:\/\/api.w.org\/{rel}","templated":true}]}}