{"id":9374,"date":"2021-03-25T15:04:20","date_gmt":"2021-03-25T14:04:20","guid":{"rendered":"https:\/\/terredeccezione.com\/prodotto\/huile-deluxe-blend\/"},"modified":"2022-01-25T15:34:21","modified_gmt":"2022-01-25T14:34:21","slug":"huile-deluxe-blend","status":"publish","type":"product","link":"https:\/\/terredeccezione.com\/fr\/produit\/huile-deluxe-blend\/","title":{"rendered":"HUILE &#8220;DELUXE&#8221; BLEND"},"content":{"rendered":"<p><i class=\"fas fa-tint\"><strong> Composition<\/strong><\/i><br \/>\nD\u00e9licate union de diff\u00e9rentes vari\u00e9t\u00e9s, aussi nomm\u00e9es \u201ccultivar\u201c.<br \/>\nSa base est compos\u00e9e de Leccino et Frantoio \u00e0 laquelle nous avons ajout\u00e9 les vari\u00e9t\u00e9s Pendolino, Moraiolo, Carboncella, Orbetana et Peranzana.<\/p>\n<p><i class=\"far fa-eye\"><strong>\u00a0Analyses sensorielles<\/strong><\/i><br \/>\nLe Blend est une huile d\u2019olive extra vierge au go\u00fbt \u00e9quilibr\u00e9.<br \/>\nSon parfum fruit\u00e9 a des saveurs douces avec des notes bien marqu\u00e9es d\u2019amer et de piquant. Au palais se d\u00e9couvre un arri\u00e8re-go\u00fbt de tomate verte et amande.<\/p>\n","protected":false},"excerpt":{"rendered":"<div class=\"wpb_text_column wpb_content_element \">\n<div class=\"wpb_wrapper\">\n<h3>\u00c9l\u00e9gant \u00e9quilibre<\/h3>\n<\/div>\n<\/div>\n<div class=\"wpb_text_column wpb_content_element \">\n<div class=\"wpb_wrapper\">\n<p>Huile d&#8217;olive extra vierge \u201cDeluxe\u201d<\/p>\n<\/div>\n<\/div>\n","protected":false},"featured_media":8300,"comment_status":"closed","ping_status":"closed","template":"","meta":{"spay_email":""},"product_cat":[101],"product_tag":[],"_links":{"self":[{"href":"https:\/\/terredeccezione.com\/fr\/wp-json\/wp\/v2\/product\/9374"}],"collection":[{"href":"https:\/\/terredeccezione.com\/fr\/wp-json\/wp\/v2\/product"}],"about":[{"href":"https:\/\/terredeccezione.com\/fr\/wp-json\/wp\/v2\/types\/product"}],"replies":[{"embeddable":true,"href":"https:\/\/terredeccezione.com\/fr\/wp-json\/wp\/v2\/comments?post=9374"}],"wp:featuredmedia":[{"embeddable":true,"href":"https:\/\/terredeccezione.com\/fr\/wp-json\/wp\/v2\/media\/8300"}],"wp:attachment":[{"href":"https:\/\/terredeccezione.com\/fr\/wp-json\/wp\/v2\/media?parent=9374"}],"wp:term":[{"taxonomy":"product_cat","embeddable":true,"href":"https:\/\/terredeccezione.com\/fr\/wp-json\/wp\/v2\/product_cat?post=9374"},{"taxonomy":"product_tag","embeddable":true,"href":"https:\/\/terredeccezione.com\/fr\/wp-json\/wp\/v2\/product_tag?post=9374"}],"curies":[{"name":"wp","href":"https:\/\/api.w.org\/{rel}","templated":true}]}}