{"id":9378,"date":"2021-03-25T16:02:06","date_gmt":"2021-03-25T15:02:06","guid":{"rendered":"https:\/\/terredeccezione.com\/prodotto\/huile-lounge-mignola\/"},"modified":"2022-01-25T15:22:16","modified_gmt":"2022-01-25T14:22:16","slug":"huile-lounge-mignola","status":"publish","type":"product","link":"https:\/\/terredeccezione.com\/fr\/produit\/huile-lounge-mignola\/","title":{"rendered":"HUILE &#8220;LOUNGE&#8221; MIGNOLA"},"content":{"rendered":"<p><i class=\"fas fa-tint\"><strong> Composition<\/strong><\/i><br \/>\n100% cultivar Mignola. Cette vari\u00e9t\u00e9 est cultiv\u00e9e principalement \u00e0 Cingoli, un bourg connu pour \u00eatre \u201cle balcon des Marches\u201d. Les plantes de cette vari\u00e9t\u00e9 sont vigoureuses et au tronc monumental. Ses olives sont tr\u00e8s petites et c\u2019est de l\u00e0 que provient son nom \u201cMignola\u201d.<\/p>\n<p><i class=\"far fa-eye\"><strong> Analyses sensorielles<\/strong><\/i><br \/>\nLe parfum de la Mignola est initialement doux, moyennement fruit\u00e9, avec des nuances de fruits des bois et d\u2019artichaut. Cette huile est nettement am\u00e8re et piquante.<\/p>\n","protected":false},"excerpt":{"rendered":"<div class=\"wpb_text_column wpb_content_element \">\n<div class=\"wpb_wrapper\">\n<h3>Intense caract\u00e8re<\/h3>\n<\/div>\n<\/div>\n<div class=\"wpb_text_column wpb_content_element \">\n<div class=\"wpb_wrapper\">\n<p>Huile d&#8217;olive extra vierge \u201cLounge\u201d<\/p>\n<\/div>\n<\/div>\n","protected":false},"featured_media":6566,"comment_status":"closed","ping_status":"closed","template":"","meta":{"spay_email":""},"product_cat":[101],"product_tag":[],"_links":{"self":[{"href":"https:\/\/terredeccezione.com\/fr\/wp-json\/wp\/v2\/product\/9378"}],"collection":[{"href":"https:\/\/terredeccezione.com\/fr\/wp-json\/wp\/v2\/product"}],"about":[{"href":"https:\/\/terredeccezione.com\/fr\/wp-json\/wp\/v2\/types\/product"}],"replies":[{"embeddable":true,"href":"https:\/\/terredeccezione.com\/fr\/wp-json\/wp\/v2\/comments?post=9378"}],"wp:featuredmedia":[{"embeddable":true,"href":"https:\/\/terredeccezione.com\/fr\/wp-json\/wp\/v2\/media\/6566"}],"wp:attachment":[{"href":"https:\/\/terredeccezione.com\/fr\/wp-json\/wp\/v2\/media?parent=9378"}],"wp:term":[{"taxonomy":"product_cat","embeddable":true,"href":"https:\/\/terredeccezione.com\/fr\/wp-json\/wp\/v2\/product_cat?post=9378"},{"taxonomy":"product_tag","embeddable":true,"href":"https:\/\/terredeccezione.com\/fr\/wp-json\/wp\/v2\/product_tag?post=9378"}],"curies":[{"name":"wp","href":"https:\/\/api.w.org\/{rel}","templated":true}]}}