{"id":9385,"date":"2021-11-22T12:16:24","date_gmt":"2021-11-22T11:16:24","guid":{"rendered":"https:\/\/terredeccezione.com\/prodotto\/bag-in-box-raggia-huile-3l\/"},"modified":"2022-01-25T15:18:48","modified_gmt":"2022-01-25T14:18:48","slug":"bag-in-box-raggia-huile-3l","status":"publish","type":"product","link":"https:\/\/terredeccezione.com\/fr\/produit\/bag-in-box-raggia-huile-3l\/","title":{"rendered":"&#8220;BAG IN BOX&#8221; HUILE RAGGIA 3L"},"content":{"rendered":"<p><i class=\"fas fa-tint\"><strong>\u00a0Composition<\/strong><\/i><br \/>\n100% cultivar Raggia, plante typique du territoire des Marches.<\/p>\n<p><i class=\"far fa-eye\"><strong>\u00a0Analyses sensorielles<\/strong><\/i><br \/>\nLa Raggia est douce avec des notes d\u2019amer et de piquant. Son fruit\u00e9 est intense, \u00e0 tendance herbac\u00e9e avec des notes \u00e9videntes d\u2019amande et de romarin.<\/p>\n","protected":false},"excerpt":{"rendered":"<div class=\"wpb_text_column wpb_content_element \">\n<div class=\"wpb_wrapper\">\n<h3>Ardent fruit\u00e9<\/h3>\n<\/div>\n<\/div>\n<div class=\"wpb_text_column wpb_content_element \">\n<div class=\"wpb_wrapper\">\n<p>Huile d&#8217;olive extra vierge \u201cBag in Box\u201d<\/p>\n<\/div>\n<\/div>\n","protected":false},"featured_media":8230,"comment_status":"closed","ping_status":"closed","template":"","meta":{"spay_email":""},"product_cat":[101],"product_tag":[],"_links":{"self":[{"href":"https:\/\/terredeccezione.com\/fr\/wp-json\/wp\/v2\/product\/9385"}],"collection":[{"href":"https:\/\/terredeccezione.com\/fr\/wp-json\/wp\/v2\/product"}],"about":[{"href":"https:\/\/terredeccezione.com\/fr\/wp-json\/wp\/v2\/types\/product"}],"replies":[{"embeddable":true,"href":"https:\/\/terredeccezione.com\/fr\/wp-json\/wp\/v2\/comments?post=9385"}],"wp:featuredmedia":[{"embeddable":true,"href":"https:\/\/terredeccezione.com\/fr\/wp-json\/wp\/v2\/media\/8230"}],"wp:attachment":[{"href":"https:\/\/terredeccezione.com\/fr\/wp-json\/wp\/v2\/media?parent=9385"}],"wp:term":[{"taxonomy":"product_cat","embeddable":true,"href":"https:\/\/terredeccezione.com\/fr\/wp-json\/wp\/v2\/product_cat?post=9385"},{"taxonomy":"product_tag","embeddable":true,"href":"https:\/\/terredeccezione.com\/fr\/wp-json\/wp\/v2\/product_tag?post=9385"}],"curies":[{"name":"wp","href":"https:\/\/api.w.org\/{rel}","templated":true}]}}