{"id":9386,"date":"2021-11-22T11:04:48","date_gmt":"2021-11-22T10:04:48","guid":{"rendered":"https:\/\/terredeccezione.com\/prodotto\/bag-in-box-huile-leccino-3l\/"},"modified":"2022-01-25T15:19:20","modified_gmt":"2022-01-25T14:19:20","slug":"bag-in-box-huile-leccino-3l","status":"publish","type":"product","link":"https:\/\/terredeccezione.com\/fr\/produit\/bag-in-box-huile-leccino-3l\/","title":{"rendered":"\u201cBAG IN BOX&#8221; HUILE LECCINO 3L"},"content":{"rendered":"<p><i class=\"fas fa-tint\"><strong> Composition<\/strong><\/i><br \/>\n100% cultivar Leccino. Cette vari\u00e9t\u00e9 est pr\u00e9sente dans diff\u00e9rentes r\u00e9gions d\u2019Italie et aussi dans les Marches. Sa r\u00e9colte a lieu durant la deuxi\u00e8me moiti\u00e9 du mois d\u2019octobre.<\/p>\n<p><i class=\"far fa-eye\"><strong>\u00a0Analyses sensorielles<\/strong><\/i><br \/>\nLe Leccino est une huile d\u2019olive extra vierge \u00e0 la saveur fruit\u00e9e moyennement l\u00e9g\u00e8re avec des nettes sensations d\u2019herbes de champs, d\u2019amande et une l\u00e9g\u00e8re touche d\u2019artichaut et de tomate. Son parfum est harmonieux et essentiellement doux. Fra\u00eeche et enveloppante au palais, elle se caract\u00e9rise par une note \u00e9quilibr\u00e9e d\u2019amer et de piquant.<\/p>\n","protected":false},"excerpt":{"rendered":"<div class=\"wpb_text_column wpb_content_element \">\n<div class=\"wpb_wrapper\">\n<h3>Douce rondeur<\/h3>\n<\/div>\n<\/div>\n<div class=\"wpb_text_column wpb_content_element \">\n<div class=\"wpb_wrapper\">\n<p>Huile d&#8217;olive extra vierge &#8220;Bag in Box&#8221;<\/p>\n<\/div>\n<\/div>\n","protected":false},"featured_media":8172,"comment_status":"closed","ping_status":"closed","template":"","meta":{"spay_email":""},"product_cat":[101],"product_tag":[],"_links":{"self":[{"href":"https:\/\/terredeccezione.com\/fr\/wp-json\/wp\/v2\/product\/9386"}],"collection":[{"href":"https:\/\/terredeccezione.com\/fr\/wp-json\/wp\/v2\/product"}],"about":[{"href":"https:\/\/terredeccezione.com\/fr\/wp-json\/wp\/v2\/types\/product"}],"replies":[{"embeddable":true,"href":"https:\/\/terredeccezione.com\/fr\/wp-json\/wp\/v2\/comments?post=9386"}],"wp:featuredmedia":[{"embeddable":true,"href":"https:\/\/terredeccezione.com\/fr\/wp-json\/wp\/v2\/media\/8172"}],"wp:attachment":[{"href":"https:\/\/terredeccezione.com\/fr\/wp-json\/wp\/v2\/media?parent=9386"}],"wp:term":[{"taxonomy":"product_cat","embeddable":true,"href":"https:\/\/terredeccezione.com\/fr\/wp-json\/wp\/v2\/product_cat?post=9386"},{"taxonomy":"product_tag","embeddable":true,"href":"https:\/\/terredeccezione.com\/fr\/wp-json\/wp\/v2\/product_tag?post=9386"}],"curies":[{"name":"wp","href":"https:\/\/api.w.org\/{rel}","templated":true}]}}