{"id":9391,"date":"2021-03-25T15:17:15","date_gmt":"2021-03-25T14:17:15","guid":{"rendered":"https:\/\/terredeccezione.com\/prodotto\/huile-lounge-leccino\/"},"modified":"2021-03-25T15:17:15","modified_gmt":"2021-03-25T14:17:15","slug":"huile-lounge-leccino","status":"publish","type":"product","link":"https:\/\/terredeccezione.com\/fr\/produit\/huile-lounge-leccino\/","title":{"rendered":"HUILE &#8220;LOUNGE&#8221; LECCINO"},"content":{"rendered":"<p><i class=\"fas fa-tint\"><strong>\u00a0Composition<\/strong><\/i><br \/>\n100% cultivar Leccino. Cette vari\u00e9t\u00e9 est pr\u00e9sente dans diff\u00e9rentes r\u00e9gions d\u2019Italie et aussi dans les Marches. Sa r\u00e9colte a lieu durant la deuxi\u00e8me moiti\u00e9 du mois d\u2019octobre.<\/p>\n<p><i class=\"far fa-eye\"><strong>\u00a0Analyses sensorielles<\/strong><\/i><br \/>\nIl Leccino \u00e8 un olio extravergine di oliva dal sapore fruttato medio leggero con nette sensazioni di erba di campo, mandorla e un leggero tocco di carciofo e pomodoro. Gusto armonico, prevalentemente dolce. Al palato \u00e8 fresco e avvolgente con un\u2019equilibrata nota di amaro e piccante.<\/p>\n","protected":false},"excerpt":{"rendered":"<div class=\"wpb_text_column wpb_content_element \">\n<div class=\"wpb_wrapper\">\n<h3>Douce rondeur<\/h3>\n<\/div>\n<\/div>\n<div class=\"wpb_text_column wpb_content_element \">\n<div class=\"wpb_wrapper\">\n<p>Huile d&#8217;olive extra vierge \u201cLounge\u201c<\/p>\n<\/div>\n<\/div>\n","protected":false},"featured_media":6567,"comment_status":"closed","ping_status":"closed","template":"","meta":{"spay_email":""},"product_cat":[101],"product_tag":[],"_links":{"self":[{"href":"https:\/\/terredeccezione.com\/fr\/wp-json\/wp\/v2\/product\/9391"}],"collection":[{"href":"https:\/\/terredeccezione.com\/fr\/wp-json\/wp\/v2\/product"}],"about":[{"href":"https:\/\/terredeccezione.com\/fr\/wp-json\/wp\/v2\/types\/product"}],"replies":[{"embeddable":true,"href":"https:\/\/terredeccezione.com\/fr\/wp-json\/wp\/v2\/comments?post=9391"}],"wp:featuredmedia":[{"embeddable":true,"href":"https:\/\/terredeccezione.com\/fr\/wp-json\/wp\/v2\/media\/6567"}],"wp:attachment":[{"href":"https:\/\/terredeccezione.com\/fr\/wp-json\/wp\/v2\/media?parent=9391"}],"wp:term":[{"taxonomy":"product_cat","embeddable":true,"href":"https:\/\/terredeccezione.com\/fr\/wp-json\/wp\/v2\/product_cat?post=9391"},{"taxonomy":"product_tag","embeddable":true,"href":"https:\/\/terredeccezione.com\/fr\/wp-json\/wp\/v2\/product_tag?post=9391"}],"curies":[{"name":"wp","href":"https:\/\/api.w.org\/{rel}","templated":true}]}}