{"id":9398,"date":"2021-03-25T14:44:02","date_gmt":"2021-03-25T13:44:02","guid":{"rendered":"https:\/\/terredeccezione.com\/prodotto\/miel-tilleul\/"},"modified":"2021-03-25T14:44:02","modified_gmt":"2021-03-25T13:44:02","slug":"miel-tilleul","status":"publish","type":"product","link":"https:\/\/terredeccezione.com\/fr\/produit\/miel-tilleul\/","title":{"rendered":"MIEL TILLEUL"},"content":{"rendered":"<p>Son go\u00fbt rappelle le parfum de la fleur. Le miel de tilleul offre la fra\u00eecheur due \u00e0 ses subtiles notes menthol\u00e9es. Le processus de cristallisation dure de 4 mois \u00e0 1 an. Certainement l\u2019un des miels les plus rafra\u00eechissants.<\/p>\n","protected":false},"excerpt":{"rendered":"<h3>Frais et menthol\u00e9<\/h3>\n","protected":false},"featured_media":6601,"comment_status":"closed","ping_status":"closed","template":"","meta":{"spay_email":""},"product_cat":[100],"product_tag":[],"_links":{"self":[{"href":"https:\/\/terredeccezione.com\/fr\/wp-json\/wp\/v2\/product\/9398"}],"collection":[{"href":"https:\/\/terredeccezione.com\/fr\/wp-json\/wp\/v2\/product"}],"about":[{"href":"https:\/\/terredeccezione.com\/fr\/wp-json\/wp\/v2\/types\/product"}],"replies":[{"embeddable":true,"href":"https:\/\/terredeccezione.com\/fr\/wp-json\/wp\/v2\/comments?post=9398"}],"wp:featuredmedia":[{"embeddable":true,"href":"https:\/\/terredeccezione.com\/fr\/wp-json\/wp\/v2\/media\/6601"}],"wp:attachment":[{"href":"https:\/\/terredeccezione.com\/fr\/wp-json\/wp\/v2\/media?parent=9398"}],"wp:term":[{"taxonomy":"product_cat","embeddable":true,"href":"https:\/\/terredeccezione.com\/fr\/wp-json\/wp\/v2\/product_cat?post=9398"},{"taxonomy":"product_tag","embeddable":true,"href":"https:\/\/terredeccezione.com\/fr\/wp-json\/wp\/v2\/product_tag?post=9398"}],"curies":[{"name":"wp","href":"https:\/\/api.w.org\/{rel}","templated":true}]}}