{"id":9402,"date":"2021-03-25T14:37:12","date_gmt":"2021-03-25T13:37:12","guid":{"rendered":"https:\/\/terredeccezione.com\/prodotto\/miel-esparcette\/"},"modified":"2021-03-25T14:37:12","modified_gmt":"2021-03-25T13:37:12","slug":"miel-esparcette","status":"publish","type":"product","link":"https:\/\/terredeccezione.com\/fr\/produit\/miel-esparcette\/","title":{"rendered":"MIEL ESPARCETTE"},"content":{"rendered":"<p>Le miel biologique d\u2019esparcette a une saveur douce, tr\u00e8s d\u00e9licate, avec une note v\u00e9g\u00e9tale agr\u00e9able qui rappelle vaguement le go\u00fbt des noix fra\u00eeches et des dattes. Plante de la famille des l\u00e9gumineuses, le miel d\u2019esparcette est de couleur claire. Au cours de sa cristallisation, sa coloration tend vers le blanc. Son ar\u00f4me est d\u2019une grande d\u00e9licatesse, son parfum l\u00e9g\u00e8rement floral. Son go\u00fbt dans la bouche est rafra\u00eechissant et son impact dans la bouche cr\u00e9meux.<\/p>\n","protected":false},"excerpt":{"rendered":"<h3>D\u00e9licatement fruit\u00e9 et aromatique<\/h3>\n","protected":false},"featured_media":6610,"comment_status":"closed","ping_status":"closed","template":"","meta":{"spay_email":""},"product_cat":[100],"product_tag":[],"_links":{"self":[{"href":"https:\/\/terredeccezione.com\/fr\/wp-json\/wp\/v2\/product\/9402"}],"collection":[{"href":"https:\/\/terredeccezione.com\/fr\/wp-json\/wp\/v2\/product"}],"about":[{"href":"https:\/\/terredeccezione.com\/fr\/wp-json\/wp\/v2\/types\/product"}],"replies":[{"embeddable":true,"href":"https:\/\/terredeccezione.com\/fr\/wp-json\/wp\/v2\/comments?post=9402"}],"wp:featuredmedia":[{"embeddable":true,"href":"https:\/\/terredeccezione.com\/fr\/wp-json\/wp\/v2\/media\/6610"}],"wp:attachment":[{"href":"https:\/\/terredeccezione.com\/fr\/wp-json\/wp\/v2\/media?parent=9402"}],"wp:term":[{"taxonomy":"product_cat","embeddable":true,"href":"https:\/\/terredeccezione.com\/fr\/wp-json\/wp\/v2\/product_cat?post=9402"},{"taxonomy":"product_tag","embeddable":true,"href":"https:\/\/terredeccezione.com\/fr\/wp-json\/wp\/v2\/product_tag?post=9402"}],"curies":[{"name":"wp","href":"https:\/\/api.w.org\/{rel}","templated":true}]}}