{"id":9406,"date":"2021-03-25T14:33:43","date_gmt":"2021-03-25T13:33:43","guid":{"rendered":"https:\/\/terredeccezione.com\/prodotto\/miel-bruyere\/"},"modified":"2021-03-25T14:33:43","modified_gmt":"2021-03-25T13:33:43","slug":"miel-bruyere","status":"publish","type":"product","link":"https:\/\/terredeccezione.com\/fr\/produit\/miel-bruyere\/","title":{"rendered":"MIEL BRUY\u00c8RE"},"content":{"rendered":"<p>Le miel biologique de bruy\u00e8re est l\u2019un des miels pr\u00e9f\u00e9r\u00e9s des enfants car il rappelle en douceur le go\u00fbt du caramel. Miel robuste et \u00e9pais, sa couleur fonc\u00e9e tend au rouge. Il se caract\u00e9rise par son ar\u00f4me prononc\u00e9, ses saveurs bois\u00e9es et de temps en temps par des notes de r\u00e9glisse. En arri\u00e8re-go\u00fbt, il laisse un ar\u00f4me semblable \u00e0 celui du caramel mou ou de la cr\u00e8me caramel et teint d\u2019une subtile amertume.<\/p>\n","protected":false},"excerpt":{"rendered":"<h3>Ambr\u00e9 \u00e0 la saveur de caramel<\/h3>\n","protected":false},"featured_media":6605,"comment_status":"closed","ping_status":"closed","template":"","meta":{"spay_email":""},"product_cat":[100],"product_tag":[],"_links":{"self":[{"href":"https:\/\/terredeccezione.com\/fr\/wp-json\/wp\/v2\/product\/9406"}],"collection":[{"href":"https:\/\/terredeccezione.com\/fr\/wp-json\/wp\/v2\/product"}],"about":[{"href":"https:\/\/terredeccezione.com\/fr\/wp-json\/wp\/v2\/types\/product"}],"replies":[{"embeddable":true,"href":"https:\/\/terredeccezione.com\/fr\/wp-json\/wp\/v2\/comments?post=9406"}],"wp:featuredmedia":[{"embeddable":true,"href":"https:\/\/terredeccezione.com\/fr\/wp-json\/wp\/v2\/media\/6605"}],"wp:attachment":[{"href":"https:\/\/terredeccezione.com\/fr\/wp-json\/wp\/v2\/media?parent=9406"}],"wp:term":[{"taxonomy":"product_cat","embeddable":true,"href":"https:\/\/terredeccezione.com\/fr\/wp-json\/wp\/v2\/product_cat?post=9406"},{"taxonomy":"product_tag","embeddable":true,"href":"https:\/\/terredeccezione.com\/fr\/wp-json\/wp\/v2\/product_tag?post=9406"}],"curies":[{"name":"wp","href":"https:\/\/api.w.org\/{rel}","templated":true}]}}