{"id":9410,"date":"2021-03-25T14:29:22","date_gmt":"2021-03-25T13:29:22","guid":{"rendered":"https:\/\/terredeccezione.com\/prodotto\/miel-chataigner\/"},"modified":"2021-03-25T14:29:22","modified_gmt":"2021-03-25T13:29:22","slug":"miel-chataigner","status":"publish","type":"product","link":"https:\/\/terredeccezione.com\/fr\/produit\/miel-chataigner\/","title":{"rendered":"MIEL CH\u00c2TAIGNER"},"content":{"rendered":"<p>Le miel biologique de fleurs de ch\u00e2taignier est connu pour ses propri\u00e9t\u00e9s anti-inflammatoires et anti-bact\u00e9riennes. C\u2019est une source de prot\u00e9ines, vitamines B et C et de sels min\u00e9raux. Son ar\u00f4me est fort et sa saveur l\u00e9g\u00e8rement amer tr\u00e8s particuli\u00e8re. De couleur ambre plus ou moins fonc\u00e9, le miel de ch\u00e2taignier est g\u00e9n\u00e9ralement de texture liquide et sa cristallisation tr\u00e8s lente. Sa puissance aromatique surprend et a une subtile amertume en arri\u00e8re-go\u00fbt. Ses parfums et ar\u00f4mes bois\u00e9s et chauds rappellent le caramel grill\u00e9. C\u2019est un miel cors\u00e9, fort et persistant.<\/p>\n","protected":false},"excerpt":{"rendered":"<h3>Intense et aromatique<\/h3>\n","protected":false},"featured_media":6604,"comment_status":"closed","ping_status":"closed","template":"","meta":{"spay_email":""},"product_cat":[100],"product_tag":[],"_links":{"self":[{"href":"https:\/\/terredeccezione.com\/fr\/wp-json\/wp\/v2\/product\/9410"}],"collection":[{"href":"https:\/\/terredeccezione.com\/fr\/wp-json\/wp\/v2\/product"}],"about":[{"href":"https:\/\/terredeccezione.com\/fr\/wp-json\/wp\/v2\/types\/product"}],"replies":[{"embeddable":true,"href":"https:\/\/terredeccezione.com\/fr\/wp-json\/wp\/v2\/comments?post=9410"}],"wp:featuredmedia":[{"embeddable":true,"href":"https:\/\/terredeccezione.com\/fr\/wp-json\/wp\/v2\/media\/6604"}],"wp:attachment":[{"href":"https:\/\/terredeccezione.com\/fr\/wp-json\/wp\/v2\/media?parent=9410"}],"wp:term":[{"taxonomy":"product_cat","embeddable":true,"href":"https:\/\/terredeccezione.com\/fr\/wp-json\/wp\/v2\/product_cat?post=9410"},{"taxonomy":"product_tag","embeddable":true,"href":"https:\/\/terredeccezione.com\/fr\/wp-json\/wp\/v2\/product_tag?post=9410"}],"curies":[{"name":"wp","href":"https:\/\/api.w.org\/{rel}","templated":true}]}}