{"id":9418,"date":"2021-03-25T14:10:12","date_gmt":"2021-03-25T13:10:12","guid":{"rendered":"https:\/\/terredeccezione.com\/prodotto\/miel-acacia\/"},"modified":"2021-03-25T14:10:12","modified_gmt":"2021-03-25T13:10:12","slug":"miel-acacia","status":"publish","type":"product","link":"https:\/\/terredeccezione.com\/fr\/produit\/miel-acacia\/","title":{"rendered":"MIEL ACACIA"},"content":{"rendered":"<p>Pendant la p\u00e9riode de floraison, les arbres d\u2019acacia se remplissent de fleurs blanches comme neige. Cette floraison est tr\u00e8s d\u00e9licate car sensible aux gel\u00e9es. Le miel biologique d\u2019Acacia est tr\u00e8s riche en fructose et glucose et se caract\u00e9rise par sa couleur blond clair, limpide et son aspect liquide. La d\u00e9licatesse de son ar\u00f4me rappelle discr\u00e8tement le parfum de la fleur. Sa saveur est douce, peu odorante mais suave. Elle peut \u00e9voquer des notes vanill\u00e9es.<\/p>\n","protected":false},"excerpt":{"rendered":"<h3>Doux et d\u00e9licat<\/h3>\n","protected":false},"featured_media":6602,"comment_status":"closed","ping_status":"closed","template":"","meta":{"spay_email":""},"product_cat":[100],"product_tag":[],"_links":{"self":[{"href":"https:\/\/terredeccezione.com\/fr\/wp-json\/wp\/v2\/product\/9418"}],"collection":[{"href":"https:\/\/terredeccezione.com\/fr\/wp-json\/wp\/v2\/product"}],"about":[{"href":"https:\/\/terredeccezione.com\/fr\/wp-json\/wp\/v2\/types\/product"}],"replies":[{"embeddable":true,"href":"https:\/\/terredeccezione.com\/fr\/wp-json\/wp\/v2\/comments?post=9418"}],"wp:featuredmedia":[{"embeddable":true,"href":"https:\/\/terredeccezione.com\/fr\/wp-json\/wp\/v2\/media\/6602"}],"wp:attachment":[{"href":"https:\/\/terredeccezione.com\/fr\/wp-json\/wp\/v2\/media?parent=9418"}],"wp:term":[{"taxonomy":"product_cat","embeddable":true,"href":"https:\/\/terredeccezione.com\/fr\/wp-json\/wp\/v2\/product_cat?post=9418"},{"taxonomy":"product_tag","embeddable":true,"href":"https:\/\/terredeccezione.com\/fr\/wp-json\/wp\/v2\/product_tag?post=9418"}],"curies":[{"name":"wp","href":"https:\/\/api.w.org\/{rel}","templated":true}]}}