{"id":9422,"date":"2021-03-25T14:05:19","date_gmt":"2021-03-25T13:05:19","guid":{"rendered":"https:\/\/terredeccezione.com\/prodotto\/miel-mille-terre\/"},"modified":"2022-01-25T15:55:29","modified_gmt":"2022-01-25T14:55:29","slug":"miel-mille-terre","status":"publish","type":"product","link":"https:\/\/terredeccezione.com\/fr\/produit\/miel-mille-terre\/","title":{"rendered":"MIEL &#8220;MILLE TERRE&#8221;"},"content":{"rendered":"<p>Notre miel <em><strong>Mille Terre<\/strong><\/em> est le subtil mariage de nos 3 principaux \u00e9lixirs, l\u2019extraordinaire union des saveurs florales des bord de mer, des collines et des monts. Lors de la miell\u00e9e, nous s\u00e9lectionnons des cadres de hausses de nos ruchers de bords de mer, des collines et des monts pour cr\u00e9er une composition unique, expression symbolique de cette r\u00e9gion. Dans ce miel <strong><em>Mille Terre<\/em><\/strong> vous trouverez tout l\u2019\u00e9ventail des floraisons qui y sont pr\u00e9sentes.<\/p>\n","protected":false},"excerpt":{"rendered":"<h3>\u00c9lixir des \u00e9lixirs<\/h3>\n","protected":false},"featured_media":6609,"comment_status":"closed","ping_status":"closed","template":"","meta":{"spay_email":""},"product_cat":[100],"product_tag":[],"_links":{"self":[{"href":"https:\/\/terredeccezione.com\/fr\/wp-json\/wp\/v2\/product\/9422"}],"collection":[{"href":"https:\/\/terredeccezione.com\/fr\/wp-json\/wp\/v2\/product"}],"about":[{"href":"https:\/\/terredeccezione.com\/fr\/wp-json\/wp\/v2\/types\/product"}],"replies":[{"embeddable":true,"href":"https:\/\/terredeccezione.com\/fr\/wp-json\/wp\/v2\/comments?post=9422"}],"wp:featuredmedia":[{"embeddable":true,"href":"https:\/\/terredeccezione.com\/fr\/wp-json\/wp\/v2\/media\/6609"}],"wp:attachment":[{"href":"https:\/\/terredeccezione.com\/fr\/wp-json\/wp\/v2\/media?parent=9422"}],"wp:term":[{"taxonomy":"product_cat","embeddable":true,"href":"https:\/\/terredeccezione.com\/fr\/wp-json\/wp\/v2\/product_cat?post=9422"},{"taxonomy":"product_tag","embeddable":true,"href":"https:\/\/terredeccezione.com\/fr\/wp-json\/wp\/v2\/product_tag?post=9422"}],"curies":[{"name":"wp","href":"https:\/\/api.w.org\/{rel}","templated":true}]}}