{"id":9426,"date":"2021-03-25T13:59:47","date_gmt":"2021-03-25T12:59:47","guid":{"rendered":"https:\/\/terredeccezione.com\/prodotto\/9426\/"},"modified":"2022-02-08T07:12:59","modified_gmt":"2022-02-08T06:12:59","slug":"miel-mille-monti","status":"publish","type":"product","link":"https:\/\/terredeccezione.com\/fr\/produit\/miel-mille-monti\/","title":{"rendered":"MIEL &#8220;MILLE MONTI&#8221;"},"content":{"rendered":"<p>Notre <strong>Millefleurs <em>\u201cMille Monti\u201c<\/em><\/strong> est le miel produit par nos ruchers qui se trouvent au pied et dans les montagnes. C\u2019est le fruit de tout l\u2019\u00e9ventail des floraisons qu\u2019on y trouve. De la v\u00e9g\u00e9tation foresti\u00e8re compos\u00e9e de ch\u00eane vert, de ch\u00eane pubescent, de charme-houblon, d\u2019h\u00eatres \u00e0 la v\u00e9g\u00e9tation arbustive de gen\u00e9vriers et gen\u00eats, incluant la v\u00e9g\u00e9tation herbac\u00e9e des pr\u00e9s.<\/p>\n","protected":false},"excerpt":{"rendered":"<h3>\u00c9lixir des fleurs des monts<\/h3>\n","protected":false},"featured_media":7138,"comment_status":"closed","ping_status":"closed","template":"","meta":{"spay_email":""},"product_cat":[100],"product_tag":[],"_links":{"self":[{"href":"https:\/\/terredeccezione.com\/fr\/wp-json\/wp\/v2\/product\/9426"}],"collection":[{"href":"https:\/\/terredeccezione.com\/fr\/wp-json\/wp\/v2\/product"}],"about":[{"href":"https:\/\/terredeccezione.com\/fr\/wp-json\/wp\/v2\/types\/product"}],"replies":[{"embeddable":true,"href":"https:\/\/terredeccezione.com\/fr\/wp-json\/wp\/v2\/comments?post=9426"}],"wp:featuredmedia":[{"embeddable":true,"href":"https:\/\/terredeccezione.com\/fr\/wp-json\/wp\/v2\/media\/7138"}],"wp:attachment":[{"href":"https:\/\/terredeccezione.com\/fr\/wp-json\/wp\/v2\/media?parent=9426"}],"wp:term":[{"taxonomy":"product_cat","embeddable":true,"href":"https:\/\/terredeccezione.com\/fr\/wp-json\/wp\/v2\/product_cat?post=9426"},{"taxonomy":"product_tag","embeddable":true,"href":"https:\/\/terredeccezione.com\/fr\/wp-json\/wp\/v2\/product_tag?post=9426"}],"curies":[{"name":"wp","href":"https:\/\/api.w.org\/{rel}","templated":true}]}}