{"id":9429,"date":"2021-03-25T13:52:26","date_gmt":"2021-03-25T12:52:26","guid":{"rendered":"https:\/\/terredeccezione.com\/prodotto\/miel-mille-colli\/"},"modified":"2021-03-25T13:52:26","modified_gmt":"2021-03-25T12:52:26","slug":"miel-mille-colli","status":"publish","type":"product","link":"https:\/\/terredeccezione.com\/fr\/produit\/miel-mille-colli\/","title":{"rendered":"MIEL &#8220;MILLE COLLI&#8221;"},"content":{"rendered":"<p>Nos <strong>ruchers des collines<\/strong> sont tous situ\u00e9s sur des<strong> \u00eeles biologiques<\/strong>, parmi lesquelles se trouve <em>notre jardin des plantes officinales<\/em>. Sur ce dernier nous cultivons les essences de lavande vraie, lavandin, romarin, thym et sauge. Les composants essentiels de ce millefleurs sont le tr\u00e8fle, le tournesol et les fruits de bois. Nous y trouvons aussi la pr\u00e9sence de nombreuses autres esp\u00e8ces comme la gal\u00e9ga, l\u2019acacia, la cl\u00e9matite, le lotier cornicul\u00e9, les ombellif\u00e8res du groupe de la carotte et du coriandre, la luzerne, la lavande, le romarin, le thym, la sauge et l\u2019h\u00e9dysarum \u00e0 bouquets.<\/p>\n","protected":false},"excerpt":{"rendered":"<h3>\u00c9lixir des fleurs des Collines<\/h3>\n","protected":false},"featured_media":6606,"comment_status":"closed","ping_status":"closed","template":"","meta":{"spay_email":""},"product_cat":[100],"product_tag":[],"_links":{"self":[{"href":"https:\/\/terredeccezione.com\/fr\/wp-json\/wp\/v2\/product\/9429"}],"collection":[{"href":"https:\/\/terredeccezione.com\/fr\/wp-json\/wp\/v2\/product"}],"about":[{"href":"https:\/\/terredeccezione.com\/fr\/wp-json\/wp\/v2\/types\/product"}],"replies":[{"embeddable":true,"href":"https:\/\/terredeccezione.com\/fr\/wp-json\/wp\/v2\/comments?post=9429"}],"wp:featuredmedia":[{"embeddable":true,"href":"https:\/\/terredeccezione.com\/fr\/wp-json\/wp\/v2\/media\/6606"}],"wp:attachment":[{"href":"https:\/\/terredeccezione.com\/fr\/wp-json\/wp\/v2\/media?parent=9429"}],"wp:term":[{"taxonomy":"product_cat","embeddable":true,"href":"https:\/\/terredeccezione.com\/fr\/wp-json\/wp\/v2\/product_cat?post=9429"},{"taxonomy":"product_tag","embeddable":true,"href":"https:\/\/terredeccezione.com\/fr\/wp-json\/wp\/v2\/product_tag?post=9429"}],"curies":[{"name":"wp","href":"https:\/\/api.w.org\/{rel}","templated":true}]}}