{"id":9432,"date":"2021-03-25T10:03:55","date_gmt":"2021-03-25T09:03:55","guid":{"rendered":"https:\/\/terredeccezione.com\/prodotto\/miel-mille-mari\/"},"modified":"2021-03-25T10:03:55","modified_gmt":"2021-03-25T09:03:55","slug":"miel-mille-mari","status":"publish","type":"product","link":"https:\/\/terredeccezione.com\/fr\/produit\/miel-mille-mari\/","title":{"rendered":"MIEL &#8220;MILLE MARI&#8221;"},"content":{"rendered":"<p><strong>Nos ruchers de bord de mer<\/strong> sont localis\u00e9s sur le parc de la <strong><em>R\u00e9serve naturelle du Conero<\/em><\/strong>. Ce territoire est l\u2019habitat d\u2019un grand nombre de vari\u00e9t\u00e9s naturelles et de biodiversit\u00e9 typique des zones m\u00e9diterran\u00e9ennes bien que situ\u00e9s au milieu de la c\u00f4te adriatique. Cela se traduit par la pr\u00e9sence de plus de <em>1100 esp\u00e8ces et sous-esp\u00e8ces de v\u00e9g\u00e9tation<\/em> parmi lesquelles on peut trouver: la bruy\u00e8re, la rose sauvage, l\u2019arbousier, le cam\u00e9risier \u00e0 balais, le ciste de Cr\u00eate, le gen\u00e9vrier, le lentische, le prunellier, le m\u00fbrier, le jujubier, le noisetier, le sorbier domestique.<\/p>\n","protected":false},"excerpt":{"rendered":"<h3>\u00c9lixir des fleurs de bord de Mer<\/h3>\n","protected":false},"featured_media":7137,"comment_status":"closed","ping_status":"closed","template":"","meta":{"spay_email":""},"product_cat":[100],"product_tag":[],"_links":{"self":[{"href":"https:\/\/terredeccezione.com\/fr\/wp-json\/wp\/v2\/product\/9432"}],"collection":[{"href":"https:\/\/terredeccezione.com\/fr\/wp-json\/wp\/v2\/product"}],"about":[{"href":"https:\/\/terredeccezione.com\/fr\/wp-json\/wp\/v2\/types\/product"}],"replies":[{"embeddable":true,"href":"https:\/\/terredeccezione.com\/fr\/wp-json\/wp\/v2\/comments?post=9432"}],"wp:featuredmedia":[{"embeddable":true,"href":"https:\/\/terredeccezione.com\/fr\/wp-json\/wp\/v2\/media\/7137"}],"wp:attachment":[{"href":"https:\/\/terredeccezione.com\/fr\/wp-json\/wp\/v2\/media?parent=9432"}],"wp:term":[{"taxonomy":"product_cat","embeddable":true,"href":"https:\/\/terredeccezione.com\/fr\/wp-json\/wp\/v2\/product_cat?post=9432"},{"taxonomy":"product_tag","embeddable":true,"href":"https:\/\/terredeccezione.com\/fr\/wp-json\/wp\/v2\/product_tag?post=9432"}],"curies":[{"name":"wp","href":"https:\/\/api.w.org\/{rel}","templated":true}]}}